{"id":189,"date":"2022-06-21T13:16:09","date_gmt":"2022-06-21T13:16:09","guid":{"rendered":"https:\/\/occi-levage.com\/?post_type=product&#038;p=189"},"modified":"2022-07-13T11:45:09","modified_gmt":"2022-07-13T11:45:09","slug":"189","status":"publish","type":"product","link":"https:\/\/occi-levage.com\/?product=189","title":{"rendered":"PALONNIER PANNEAUX DE COUVERTURE ET DE BARDAGE"},"content":{"rendered":"<p>Ce mod\u00e8le est sp\u00e9cifiquement \u00e9tudi\u00e9 pour la manutention de panneaux de couverture ou de bardage, sur chantier. Capacit\u00e9,<br \/>\n400 Kg en position horizontale et verticale. Le type de ventouse utilis\u00e9 est sp\u00e9cifiquement pr\u00e9vu pour la manutention de<br \/>\nproduits nervur\u00e9s. En effet, elles sont pourvues d\u2019un joint mousse qui, en faisant le vide vient \u00e9pouser les nervures.<\/p>\n","protected":false},"excerpt":{"rendered":"<ul>\n<li>Ce palonnier dispose de 2 circuits de vide ind\u00e9pendants, chacun alimentant la moiti\u00e9 des ventouses.<\/li>\n<li>Les pompes \u00e0 vide du palonnier sont aliment\u00e9es par 2 batteries 12V avec un syst\u00e8me de changement rapide et un chargeur 220 V mono inclus.<\/li>\n<li>Les 2 pompes \u00e0 vide sont auto r\u00e9gul\u00e9es offrant une autonomie accrue jusqu\u2019\u00e0 24h de travail avec un pack de batteries. Indicateur de d\u00e9charge multi-niveau en fa\u00e7ade du palonnier \u00e0 ventouses.<\/li>\n<li>Il dispose de 2 larges r\u00e9serves de vide, d\u2019un syst\u00e8me d\u2019alarme sonore et visuel en cas de chute du vide et de 2 clapets anti-retour. De plus, il poss\u00e8de un filtre \u00e0 vide (facilement accessible pour un nettoyage ais\u00e9) pour s\u00e9parer et retenir l\u2019huile et\/ou la poussi\u00e8re qui pourrait s\u2019introduire dans le circuit.<\/li>\n<li>Il dispose d\u2019un basculement 0-90\u00b0 pour la prise de panneaux en position horizontale ou verticale et d\u2019une rotation \u00e0 90\u00b0.<\/li>\n<li>Il est dispose de rallonges permettant la prise de panneaux jusqu\u201912 000 mm et des rallonges optionnelles permettant la prise de panneaux jusqu\u2019\u00e0 16 000 mm.<\/li>\n<li>La prise et la d\u00e9pose sont de s\u00e9rie, assur\u00e9es par un syst\u00e8me de double vannes coulissantes avec des boutons de s\u00e9curit\u00e9.<\/li>\n<li>Enfin les 2 vacuom\u00e8tres (mesurant le vide dans chacun des circuits de vide) sont dispos\u00e9s en fa\u00e7ade du palonnier pour un visuel maximal<\/li>\n<li>Fabriqu\u00e9s selon la Norme EN13155<\/li>\n<\/ul>\n<div class=\"product-buttons\"><a class=\"button\" target=\"_blank\" href=\"\/wp-content\/uploads\/pdf\/palonier-bardage.pdf\" rel=\"noopener\">T\u00e9l\u00e9charger la documentation<\/a><br \/>\n<a class=\"button\" href=\"\/?page_id=104\">Demander un devis<\/a><\/div>\n","protected":false},"featured_media":193,"template":"","meta":{"neve_meta_sidebar":"","neve_meta_container":"","neve_meta_enable_content_width":"off","neve_meta_content_width":100,"neve_meta_title_alignment":"","neve_meta_author_avatar":"","neve_post_elements_order":"","neve_meta_disable_header":"","neve_meta_disable_footer":"","neve_meta_disable_title":"","_themeisle_gutenberg_block_has_review":false},"product_brand":[],"product_cat":[21],"product_tag":[],"class_list":{"0":"post-189","1":"product","2":"type-product","3":"status-publish","4":"has-post-thumbnail","6":"product_cat-palonniers","8":"first","9":"instock","10":"shipping-taxable","11":"product-type-simple"},"yoast_head":"<!-- This site is optimized with the Yoast SEO plugin v24.7 - https:\/\/yoast.com\/wordpress\/plugins\/seo\/ -->\n<title>PALONNIER PANNEAUX DE COUVERTURE ET DE BARDAGE - Occi Levage<\/title>\n<meta name=\"robots\" content=\"index, follow, max-snippet:-1, max-image-preview:large, max-video-preview:-1\" \/>\n<link rel=\"canonical\" href=\"https:\/\/occi-levage.com\/?product=189\" \/>\n<meta property=\"og:locale\" content=\"fr_FR\" \/>\n<meta property=\"og:type\" content=\"article\" \/>\n<meta property=\"og:title\" content=\"PALONNIER PANNEAUX DE COUVERTURE ET DE BARDAGE - Occi Levage\" \/>\n<meta property=\"og:description\" content=\"Ce palonnier dispose de 2 circuits de vide ind\u00e9pendants, chacun alimentant la moiti\u00e9 des ventouses.  Les pompes \u00e0 vide du palonnier sont aliment\u00e9es par 2 batteries 12V avec un syst\u00e8me de changement rapide et un chargeur 220 V mono inclus.  Les 2 pompes \u00e0 vide sont auto r\u00e9gul\u00e9es offrant une autonomie accrue jusqu\u2019\u00e0 24h de travail avec un pack de batteries. Indicateur de d\u00e9charge multi-niveau en fa\u00e7ade du palonnier \u00e0 ventouses.  Il dispose de 2 larges r\u00e9serves de vide, d\u2019un syst\u00e8me d\u2019alarme sonore et visuel en cas de chute du vide et de 2 clapets anti-retour. De plus, il poss\u00e8de un filtre \u00e0 vide (facilement accessible pour un nettoyage ais\u00e9) pour s\u00e9parer et retenir l\u2019huile et\/ou la poussi\u00e8re qui pourrait s\u2019introduire dans le circuit.  Il dispose d\u2019un basculement 0-90\u00b0 pour la prise de panneaux en position horizontale ou verticale et d\u2019une rotation \u00e0 90\u00b0.  Il est dispose de rallonges permettant la prise de panneaux jusqu\u201912 000 mm et des rallonges optionnelles permettant la prise de panneaux jusqu\u2019\u00e0 16 000 mm.  La prise et la d\u00e9pose sont de s\u00e9rie, assur\u00e9es par un syst\u00e8me de double vannes coulissantes avec des boutons de s\u00e9curit\u00e9.  Enfin les 2 vacuom\u00e8tres (mesurant le vide dans chacun des circuits de vide) sont dispos\u00e9s en fa\u00e7ade du palonnier pour un visuel maximal  Fabriqu\u00e9s selon la Norme EN13155  T\u00e9l\u00e9charger la documentation Demander un devis\" \/>\n<meta property=\"og:url\" content=\"https:\/\/occi-levage.com\/?product=189\" \/>\n<meta property=\"og:site_name\" content=\"Occi Levage\" \/>\n<meta property=\"article:modified_time\" content=\"2022-07-13T11:45:09+00:00\" \/>\n<meta property=\"og:image\" content=\"https:\/\/occi-levage.com\/wp-content\/uploads\/2022\/06\/palonnier-bardage-couverture.jpg\" \/>\n\t<meta property=\"og:image:width\" content=\"802\" \/>\n\t<meta property=\"og:image:height\" content=\"563\" \/>\n\t<meta property=\"og:image:type\" content=\"image\/jpeg\" \/>\n<meta name=\"twitter:card\" content=\"summary_large_image\" \/>\n<script type=\"application\/ld+json\" class=\"yoast-schema-graph\">{\"@context\":\"https:\/\/schema.org\",\"@graph\":[{\"@type\":\"WebPage\",\"@id\":\"https:\/\/occi-levage.com\/?product=189\",\"url\":\"https:\/\/occi-levage.com\/?product=189\",\"name\":\"PALONNIER PANNEAUX DE COUVERTURE ET DE BARDAGE - Occi Levage\",\"isPartOf\":{\"@id\":\"https:\/\/occi-levage.com\/#website\"},\"primaryImageOfPage\":{\"@id\":\"https:\/\/occi-levage.com\/?product=189#primaryimage\"},\"image\":{\"@id\":\"https:\/\/occi-levage.com\/?product=189#primaryimage\"},\"thumbnailUrl\":\"https:\/\/occi-levage.com\/wp-content\/uploads\/2022\/06\/palonnier-bardage-couverture.jpg\",\"datePublished\":\"2022-06-21T13:16:09+00:00\",\"dateModified\":\"2022-07-13T11:45:09+00:00\",\"breadcrumb\":{\"@id\":\"https:\/\/occi-levage.com\/?product=189#breadcrumb\"},\"inLanguage\":\"fr-FR\",\"potentialAction\":[{\"@type\":\"ReadAction\",\"target\":[\"https:\/\/occi-levage.com\/?product=189\"]}]},{\"@type\":\"ImageObject\",\"inLanguage\":\"fr-FR\",\"@id\":\"https:\/\/occi-levage.com\/?product=189#primaryimage\",\"url\":\"https:\/\/occi-levage.com\/wp-content\/uploads\/2022\/06\/palonnier-bardage-couverture.jpg\",\"contentUrl\":\"https:\/\/occi-levage.com\/wp-content\/uploads\/2022\/06\/palonnier-bardage-couverture.jpg\",\"width\":802,\"height\":563},{\"@type\":\"BreadcrumbList\",\"@id\":\"https:\/\/occi-levage.com\/?product=189#breadcrumb\",\"itemListElement\":[{\"@type\":\"ListItem\",\"position\":1,\"name\":\"Accueil\",\"item\":\"https:\/\/occi-levage.com\/\"},{\"@type\":\"ListItem\",\"position\":2,\"name\":\"Produits\",\"item\":\"https:\/\/occi-levage.com\/?page_id=7\"},{\"@type\":\"ListItem\",\"position\":3,\"name\":\"PALONNIER PANNEAUX DE COUVERTURE ET DE BARDAGE\"}]},{\"@type\":\"WebSite\",\"@id\":\"https:\/\/occi-levage.com\/#website\",\"url\":\"https:\/\/occi-levage.com\/\",\"name\":\"Occi Levage\",\"description\":\"Just another WordPress site\",\"publisher\":{\"@id\":\"https:\/\/occi-levage.com\/#organization\"},\"potentialAction\":[{\"@type\":\"SearchAction\",\"target\":{\"@type\":\"EntryPoint\",\"urlTemplate\":\"https:\/\/occi-levage.com\/?s={search_term_string}\"},\"query-input\":{\"@type\":\"PropertyValueSpecification\",\"valueRequired\":true,\"valueName\":\"search_term_string\"}}],\"inLanguage\":\"fr-FR\"},{\"@type\":\"Organization\",\"@id\":\"https:\/\/occi-levage.com\/#organization\",\"name\":\"Occi Levage\",\"url\":\"https:\/\/occi-levage.com\/\",\"logo\":{\"@type\":\"ImageObject\",\"inLanguage\":\"fr-FR\",\"@id\":\"https:\/\/occi-levage.com\/#\/schema\/logo\/image\/\",\"url\":\"https:\/\/occi-levage.com\/wp-content\/uploads\/2022\/06\/cropped-Fichier-10.png\",\"contentUrl\":\"https:\/\/occi-levage.com\/wp-content\/uploads\/2022\/06\/cropped-Fichier-10.png\",\"width\":413,\"height\":318,\"caption\":\"Occi Levage\"},\"image\":{\"@id\":\"https:\/\/occi-levage.com\/#\/schema\/logo\/image\/\"}}]}<\/script>\n<!-- \/ Yoast SEO plugin. -->","yoast_head_json":{"title":"PALONNIER PANNEAUX DE COUVERTURE ET DE BARDAGE - Occi Levage","robots":{"index":"index","follow":"follow","max-snippet":"max-snippet:-1","max-image-preview":"max-image-preview:large","max-video-preview":"max-video-preview:-1"},"canonical":"https:\/\/occi-levage.com\/?product=189","og_locale":"fr_FR","og_type":"article","og_title":"PALONNIER PANNEAUX DE COUVERTURE ET DE BARDAGE - Occi Levage","og_description":"Ce palonnier dispose de 2 circuits de vide ind\u00e9pendants, chacun alimentant la moiti\u00e9 des ventouses.  Les pompes \u00e0 vide du palonnier sont aliment\u00e9es par 2 batteries 12V avec un syst\u00e8me de changement rapide et un chargeur 220 V mono inclus.  Les 2 pompes \u00e0 vide sont auto r\u00e9gul\u00e9es offrant une autonomie accrue jusqu\u2019\u00e0 24h de travail avec un pack de batteries. Indicateur de d\u00e9charge multi-niveau en fa\u00e7ade du palonnier \u00e0 ventouses.  Il dispose de 2 larges r\u00e9serves de vide, d\u2019un syst\u00e8me d\u2019alarme sonore et visuel en cas de chute du vide et de 2 clapets anti-retour. De plus, il poss\u00e8de un filtre \u00e0 vide (facilement accessible pour un nettoyage ais\u00e9) pour s\u00e9parer et retenir l\u2019huile et\/ou la poussi\u00e8re qui pourrait s\u2019introduire dans le circuit.  Il dispose d\u2019un basculement 0-90\u00b0 pour la prise de panneaux en position horizontale ou verticale et d\u2019une rotation \u00e0 90\u00b0.  Il est dispose de rallonges permettant la prise de panneaux jusqu\u201912 000 mm et des rallonges optionnelles permettant la prise de panneaux jusqu\u2019\u00e0 16 000 mm.  La prise et la d\u00e9pose sont de s\u00e9rie, assur\u00e9es par un syst\u00e8me de double vannes coulissantes avec des boutons de s\u00e9curit\u00e9.  Enfin les 2 vacuom\u00e8tres (mesurant le vide dans chacun des circuits de vide) sont dispos\u00e9s en fa\u00e7ade du palonnier pour un visuel maximal  Fabriqu\u00e9s selon la Norme EN13155  T\u00e9l\u00e9charger la documentation Demander un devis","og_url":"https:\/\/occi-levage.com\/?product=189","og_site_name":"Occi Levage","article_modified_time":"2022-07-13T11:45:09+00:00","og_image":[{"width":802,"height":563,"url":"https:\/\/occi-levage.com\/wp-content\/uploads\/2022\/06\/palonnier-bardage-couverture.jpg","type":"image\/jpeg"}],"twitter_card":"summary_large_image","schema":{"@context":"https:\/\/schema.org","@graph":[{"@type":"WebPage","@id":"https:\/\/occi-levage.com\/?product=189","url":"https:\/\/occi-levage.com\/?product=189","name":"PALONNIER PANNEAUX DE COUVERTURE ET DE BARDAGE - Occi Levage","isPartOf":{"@id":"https:\/\/occi-levage.com\/#website"},"primaryImageOfPage":{"@id":"https:\/\/occi-levage.com\/?product=189#primaryimage"},"image":{"@id":"https:\/\/occi-levage.com\/?product=189#primaryimage"},"thumbnailUrl":"https:\/\/occi-levage.com\/wp-content\/uploads\/2022\/06\/palonnier-bardage-couverture.jpg","datePublished":"2022-06-21T13:16:09+00:00","dateModified":"2022-07-13T11:45:09+00:00","breadcrumb":{"@id":"https:\/\/occi-levage.com\/?product=189#breadcrumb"},"inLanguage":"fr-FR","potentialAction":[{"@type":"ReadAction","target":["https:\/\/occi-levage.com\/?product=189"]}]},{"@type":"ImageObject","inLanguage":"fr-FR","@id":"https:\/\/occi-levage.com\/?product=189#primaryimage","url":"https:\/\/occi-levage.com\/wp-content\/uploads\/2022\/06\/palonnier-bardage-couverture.jpg","contentUrl":"https:\/\/occi-levage.com\/wp-content\/uploads\/2022\/06\/palonnier-bardage-couverture.jpg","width":802,"height":563},{"@type":"BreadcrumbList","@id":"https:\/\/occi-levage.com\/?product=189#breadcrumb","itemListElement":[{"@type":"ListItem","position":1,"name":"Accueil","item":"https:\/\/occi-levage.com\/"},{"@type":"ListItem","position":2,"name":"Produits","item":"https:\/\/occi-levage.com\/?page_id=7"},{"@type":"ListItem","position":3,"name":"PALONNIER PANNEAUX DE COUVERTURE ET DE BARDAGE"}]},{"@type":"WebSite","@id":"https:\/\/occi-levage.com\/#website","url":"https:\/\/occi-levage.com\/","name":"Occi Levage","description":"Just another WordPress site","publisher":{"@id":"https:\/\/occi-levage.com\/#organization"},"potentialAction":[{"@type":"SearchAction","target":{"@type":"EntryPoint","urlTemplate":"https:\/\/occi-levage.com\/?s={search_term_string}"},"query-input":{"@type":"PropertyValueSpecification","valueRequired":true,"valueName":"search_term_string"}}],"inLanguage":"fr-FR"},{"@type":"Organization","@id":"https:\/\/occi-levage.com\/#organization","name":"Occi Levage","url":"https:\/\/occi-levage.com\/","logo":{"@type":"ImageObject","inLanguage":"fr-FR","@id":"https:\/\/occi-levage.com\/#\/schema\/logo\/image\/","url":"https:\/\/occi-levage.com\/wp-content\/uploads\/2022\/06\/cropped-Fichier-10.png","contentUrl":"https:\/\/occi-levage.com\/wp-content\/uploads\/2022\/06\/cropped-Fichier-10.png","width":413,"height":318,"caption":"Occi Levage"},"image":{"@id":"https:\/\/occi-levage.com\/#\/schema\/logo\/image\/"}}]}},"_links":{"self":[{"href":"https:\/\/occi-levage.com\/index.php?rest_route=\/wp\/v2\/product\/189","targetHints":{"allow":["GET"]}}],"collection":[{"href":"https:\/\/occi-levage.com\/index.php?rest_route=\/wp\/v2\/product"}],"about":[{"href":"https:\/\/occi-levage.com\/index.php?rest_route=\/wp\/v2\/types\/product"}],"wp:featuredmedia":[{"embeddable":true,"href":"https:\/\/occi-levage.com\/index.php?rest_route=\/wp\/v2\/media\/193"}],"wp:attachment":[{"href":"https:\/\/occi-levage.com\/index.php?rest_route=%2Fwp%2Fv2%2Fmedia&parent=189"}],"wp:term":[{"taxonomy":"product_brand","embeddable":true,"href":"https:\/\/occi-levage.com\/index.php?rest_route=%2Fwp%2Fv2%2Fproduct_brand&post=189"},{"taxonomy":"product_cat","embeddable":true,"href":"https:\/\/occi-levage.com\/index.php?rest_route=%2Fwp%2Fv2%2Fproduct_cat&post=189"},{"taxonomy":"product_tag","embeddable":true,"href":"https:\/\/occi-levage.com\/index.php?rest_route=%2Fwp%2Fv2%2Fproduct_tag&post=189"}],"curies":[{"name":"wp","href":"https:\/\/api.w.org\/{rel}","templated":true}]}}