{"id":185,"date":"2022-06-21T13:11:59","date_gmt":"2022-06-21T13:11:59","guid":{"rendered":"https:\/\/occi-levage.com\/?post_type=product&#038;p=185"},"modified":"2022-07-13T11:45:43","modified_gmt":"2022-07-13T11:45:43","slug":"palonnier-pose-de-vitrage","status":"publish","type":"product","link":"https:\/\/occi-levage.com\/?product=palonnier-pose-de-vitrage","title":{"rendered":"PALONNIER POSE DE VITRAGE"},"content":{"rendered":"<p>Ce mod\u00e8le est le plus polyvalent de notre gamme. Avec ses 4 rallonges d\u00e9montables \u00e0 connexions rapide, il peut prendre des<br \/>\nverres jusqu\u2019\u00e0 1200 Kg ! 600 Kg en mode 4 ventouses, 1200 Kg en mode 8 ventouses. Rotation et basculement manuel.<\/p>\n","protected":false},"excerpt":{"rendered":"<ul>\n<li>Capacit\u00e9 de 1200 Kg avec 8 ventouses, 600 Kg avec 4 ventouses<\/li>\n<li>8 ventouses diam\u00e8tre 390 mm<\/li>\n<li>Ventouses de derni\u00e8re g\u00e9n\u00e9ration avec l\u00e8vre d&rsquo;\u00e9tanch\u00e9it\u00e9<\/li>\n<li>Ventouses mont\u00e9es sur ressort pour amortir l&rsquo;impact avec le produit<\/li>\n<li>Structure portante en acier \u00e9paisseur 4 mm verticale avec anneaux d&rsquo;accroche (2 positions possibles dont 1 abaiss\u00e9e au centre du palonnier pour une hauteur perdue de seulement 300 mm au lieu de 964 mm en mode 4 ventouses)<\/li>\n<li>Structure de base 4 ventouses amovibles avec raccord rapides avec 4<br \/>\nrallonges montables\/d\u00e9montables rapidement avec double positionnement<br \/>\ndes ventouses<\/li>\n<li>Structure pr\u00e9 \u00e9quip\u00e9e d&#8217;embase suppl\u00e9mentaire pour la mise en place des rallonges donnant une modularit\u00e9 additionnel<br \/>\nen mode 6 ventouses &#8211; Possibilit\u00e9 de mettre 2 ou 4 ventouses en lignes<\/li>\n<li>Basculement \u00e0-90\u00b0(position verticale \u00e0 horizontale et inversement) manuel avec verrouillage de position par molette ultra<br \/>\nergonomique (basculement ais\u00e9 avec arr\u00eat toutes positions)<\/li>\n<li>Rotation 360 \u00b0 infinie manuelle avec indexation 90\u00b0 par molette ultra ergonomique<\/li>\n<li>Autonomie accrue jusqu&rsquo;\u00e0 24h.<\/li>\n<li>Palonnier con\u00e7u suivant la norme EN13155 pour une utilisation sur chantier : &#8211; Double circuit de vide avec chacun sa<br \/>\npropre r\u00e9serve de vide, son filtre \u00e0 poussi\u00e8re et son clapet anti chute &#8211; Chaque circuit de vide est reli\u00e9 \u00e0 son set de<br \/>\nventouses (2&#215;2 ou 2&#215;4) &#8211; Double syst\u00e8me d&rsquo;alarme visuelle et sonore en cas de chute de vide &#8211; Double indicateur de<br \/>\nniveau de vide zone verte\/zone rouge<\/li>\n<\/ul>\n<div class=\"product-buttons\"><a class=\"button\" target=\"_blank\" href=\"\/wp-content\/uploads\/pdf\/palonier-400.pdf\" rel=\"noopener\">T\u00e9l\u00e9charger la documentation<\/a><br \/>\n<a class=\"button\" href=\"\/?page_id=104\">Demander un devis<\/a><\/div>\n","protected":false},"featured_media":186,"template":"","meta":{"neve_meta_sidebar":"","neve_meta_container":"","neve_meta_enable_content_width":"off","neve_meta_content_width":100,"neve_meta_title_alignment":"","neve_meta_author_avatar":"","neve_post_elements_order":"","neve_meta_disable_header":"","neve_meta_disable_footer":"","neve_meta_disable_title":"","_themeisle_gutenberg_block_has_review":false},"product_brand":[],"product_cat":[21],"product_tag":[],"class_list":{"0":"post-185","1":"product","2":"type-product","3":"status-publish","4":"has-post-thumbnail","6":"product_cat-palonniers","8":"first","9":"instock","10":"shipping-taxable","11":"product-type-simple"},"yoast_head":"<!-- This site is optimized with the Yoast SEO plugin v24.7 - https:\/\/yoast.com\/wordpress\/plugins\/seo\/ -->\n<title>PALONNIER POSE DE VITRAGE - Occi Levage<\/title>\n<meta name=\"robots\" content=\"index, follow, max-snippet:-1, max-image-preview:large, max-video-preview:-1\" \/>\n<link rel=\"canonical\" href=\"https:\/\/occi-levage.com\/?product=palonnier-pose-de-vitrage\" \/>\n<meta property=\"og:locale\" content=\"fr_FR\" \/>\n<meta property=\"og:type\" content=\"article\" \/>\n<meta property=\"og:title\" content=\"PALONNIER POSE DE VITRAGE - Occi Levage\" \/>\n<meta property=\"og:description\" content=\"Capacit\u00e9 de 1200 Kg avec 8 ventouses, 600 Kg avec 4 ventouses  8 ventouses diam\u00e8tre 390 mm  Ventouses de derni\u00e8re g\u00e9n\u00e9ration avec l\u00e8vre d&#039;\u00e9tanch\u00e9it\u00e9  Ventouses mont\u00e9es sur ressort pour amortir l&#039;impact avec le produit  Structure portante en acier \u00e9paisseur 4 mm verticale avec anneaux d&#039;accroche (2 positions possibles dont 1 abaiss\u00e9e au centre du palonnier pour une hauteur perdue de seulement 300 mm au lieu de 964 mm en mode 4 ventouses)  Structure de base 4 ventouses amovibles avec raccord rapides avec 4 rallonges montables\/d\u00e9montables rapidement avec double positionnement des ventouses  Structure pr\u00e9 \u00e9quip\u00e9e d&#039;embase suppl\u00e9mentaire pour la mise en place des rallonges donnant une modularit\u00e9 additionnel en mode 6 ventouses - Possibilit\u00e9 de mettre 2 ou 4 ventouses en lignes  Basculement \u00e0-90\u00b0(position verticale \u00e0 horizontale et inversement) manuel avec verrouillage de position par molette ultra ergonomique (basculement ais\u00e9 avec arr\u00eat toutes positions)  Rotation 360 \u00b0 infinie manuelle avec indexation 90\u00b0 par molette ultra ergonomique  Autonomie accrue jusqu&#039;\u00e0 24h.  Palonnier con\u00e7u suivant la norme EN13155 pour une utilisation sur chantier : - Double circuit de vide avec chacun sa propre r\u00e9serve de vide, son filtre \u00e0 poussi\u00e8re et son clapet anti chute - Chaque circuit de vide est reli\u00e9 \u00e0 son set de ventouses (2x2 ou 2x4) - Double syst\u00e8me d&#039;alarme visuelle et sonore en cas de chute de vide - Double indicateur de niveau de vide zone verte\/zone rouge  T\u00e9l\u00e9charger la documentation Demander un devis\" \/>\n<meta property=\"og:url\" content=\"https:\/\/occi-levage.com\/?product=palonnier-pose-de-vitrage\" \/>\n<meta property=\"og:site_name\" content=\"Occi Levage\" \/>\n<meta property=\"article:modified_time\" content=\"2022-07-13T11:45:43+00:00\" \/>\n<meta property=\"og:image\" content=\"https:\/\/occi-levage.com\/wp-content\/uploads\/2022\/06\/palonnier-400.jpg\" \/>\n\t<meta property=\"og:image:width\" content=\"742\" \/>\n\t<meta property=\"og:image:height\" content=\"598\" \/>\n\t<meta property=\"og:image:type\" content=\"image\/jpeg\" \/>\n<meta name=\"twitter:card\" content=\"summary_large_image\" \/>\n<script type=\"application\/ld+json\" class=\"yoast-schema-graph\">{\"@context\":\"https:\/\/schema.org\",\"@graph\":[{\"@type\":\"WebPage\",\"@id\":\"https:\/\/occi-levage.com\/?product=palonnier-pose-de-vitrage\",\"url\":\"https:\/\/occi-levage.com\/?product=palonnier-pose-de-vitrage\",\"name\":\"PALONNIER POSE DE VITRAGE - Occi Levage\",\"isPartOf\":{\"@id\":\"https:\/\/occi-levage.com\/#website\"},\"primaryImageOfPage\":{\"@id\":\"https:\/\/occi-levage.com\/?product=palonnier-pose-de-vitrage#primaryimage\"},\"image\":{\"@id\":\"https:\/\/occi-levage.com\/?product=palonnier-pose-de-vitrage#primaryimage\"},\"thumbnailUrl\":\"https:\/\/occi-levage.com\/wp-content\/uploads\/2022\/06\/palonnier-400.jpg\",\"datePublished\":\"2022-06-21T13:11:59+00:00\",\"dateModified\":\"2022-07-13T11:45:43+00:00\",\"breadcrumb\":{\"@id\":\"https:\/\/occi-levage.com\/?product=palonnier-pose-de-vitrage#breadcrumb\"},\"inLanguage\":\"fr-FR\",\"potentialAction\":[{\"@type\":\"ReadAction\",\"target\":[\"https:\/\/occi-levage.com\/?product=palonnier-pose-de-vitrage\"]}]},{\"@type\":\"ImageObject\",\"inLanguage\":\"fr-FR\",\"@id\":\"https:\/\/occi-levage.com\/?product=palonnier-pose-de-vitrage#primaryimage\",\"url\":\"https:\/\/occi-levage.com\/wp-content\/uploads\/2022\/06\/palonnier-400.jpg\",\"contentUrl\":\"https:\/\/occi-levage.com\/wp-content\/uploads\/2022\/06\/palonnier-400.jpg\",\"width\":742,\"height\":598},{\"@type\":\"BreadcrumbList\",\"@id\":\"https:\/\/occi-levage.com\/?product=palonnier-pose-de-vitrage#breadcrumb\",\"itemListElement\":[{\"@type\":\"ListItem\",\"position\":1,\"name\":\"Accueil\",\"item\":\"https:\/\/occi-levage.com\/\"},{\"@type\":\"ListItem\",\"position\":2,\"name\":\"Produits\",\"item\":\"https:\/\/occi-levage.com\/?page_id=7\"},{\"@type\":\"ListItem\",\"position\":3,\"name\":\"PALONNIER POSE DE VITRAGE\"}]},{\"@type\":\"WebSite\",\"@id\":\"https:\/\/occi-levage.com\/#website\",\"url\":\"https:\/\/occi-levage.com\/\",\"name\":\"Occi Levage\",\"description\":\"Just another WordPress site\",\"publisher\":{\"@id\":\"https:\/\/occi-levage.com\/#organization\"},\"potentialAction\":[{\"@type\":\"SearchAction\",\"target\":{\"@type\":\"EntryPoint\",\"urlTemplate\":\"https:\/\/occi-levage.com\/?s={search_term_string}\"},\"query-input\":{\"@type\":\"PropertyValueSpecification\",\"valueRequired\":true,\"valueName\":\"search_term_string\"}}],\"inLanguage\":\"fr-FR\"},{\"@type\":\"Organization\",\"@id\":\"https:\/\/occi-levage.com\/#organization\",\"name\":\"Occi Levage\",\"url\":\"https:\/\/occi-levage.com\/\",\"logo\":{\"@type\":\"ImageObject\",\"inLanguage\":\"fr-FR\",\"@id\":\"https:\/\/occi-levage.com\/#\/schema\/logo\/image\/\",\"url\":\"https:\/\/occi-levage.com\/wp-content\/uploads\/2022\/06\/cropped-Fichier-10.png\",\"contentUrl\":\"https:\/\/occi-levage.com\/wp-content\/uploads\/2022\/06\/cropped-Fichier-10.png\",\"width\":413,\"height\":318,\"caption\":\"Occi Levage\"},\"image\":{\"@id\":\"https:\/\/occi-levage.com\/#\/schema\/logo\/image\/\"}}]}<\/script>\n<!-- \/ Yoast SEO plugin. -->","yoast_head_json":{"title":"PALONNIER POSE DE VITRAGE - Occi Levage","robots":{"index":"index","follow":"follow","max-snippet":"max-snippet:-1","max-image-preview":"max-image-preview:large","max-video-preview":"max-video-preview:-1"},"canonical":"https:\/\/occi-levage.com\/?product=palonnier-pose-de-vitrage","og_locale":"fr_FR","og_type":"article","og_title":"PALONNIER POSE DE VITRAGE - Occi Levage","og_description":"Capacit\u00e9 de 1200 Kg avec 8 ventouses, 600 Kg avec 4 ventouses  8 ventouses diam\u00e8tre 390 mm  Ventouses de derni\u00e8re g\u00e9n\u00e9ration avec l\u00e8vre d'\u00e9tanch\u00e9it\u00e9  Ventouses mont\u00e9es sur ressort pour amortir l'impact avec le produit  Structure portante en acier \u00e9paisseur 4 mm verticale avec anneaux d'accroche (2 positions possibles dont 1 abaiss\u00e9e au centre du palonnier pour une hauteur perdue de seulement 300 mm au lieu de 964 mm en mode 4 ventouses)  Structure de base 4 ventouses amovibles avec raccord rapides avec 4 rallonges montables\/d\u00e9montables rapidement avec double positionnement des ventouses  Structure pr\u00e9 \u00e9quip\u00e9e d'embase suppl\u00e9mentaire pour la mise en place des rallonges donnant une modularit\u00e9 additionnel en mode 6 ventouses - Possibilit\u00e9 de mettre 2 ou 4 ventouses en lignes  Basculement \u00e0-90\u00b0(position verticale \u00e0 horizontale et inversement) manuel avec verrouillage de position par molette ultra ergonomique (basculement ais\u00e9 avec arr\u00eat toutes positions)  Rotation 360 \u00b0 infinie manuelle avec indexation 90\u00b0 par molette ultra ergonomique  Autonomie accrue jusqu'\u00e0 24h.  Palonnier con\u00e7u suivant la norme EN13155 pour une utilisation sur chantier : - Double circuit de vide avec chacun sa propre r\u00e9serve de vide, son filtre \u00e0 poussi\u00e8re et son clapet anti chute - Chaque circuit de vide est reli\u00e9 \u00e0 son set de ventouses (2x2 ou 2x4) - Double syst\u00e8me d'alarme visuelle et sonore en cas de chute de vide - Double indicateur de niveau de vide zone verte\/zone rouge  T\u00e9l\u00e9charger la documentation Demander un devis","og_url":"https:\/\/occi-levage.com\/?product=palonnier-pose-de-vitrage","og_site_name":"Occi Levage","article_modified_time":"2022-07-13T11:45:43+00:00","og_image":[{"width":742,"height":598,"url":"https:\/\/occi-levage.com\/wp-content\/uploads\/2022\/06\/palonnier-400.jpg","type":"image\/jpeg"}],"twitter_card":"summary_large_image","schema":{"@context":"https:\/\/schema.org","@graph":[{"@type":"WebPage","@id":"https:\/\/occi-levage.com\/?product=palonnier-pose-de-vitrage","url":"https:\/\/occi-levage.com\/?product=palonnier-pose-de-vitrage","name":"PALONNIER POSE DE VITRAGE - Occi Levage","isPartOf":{"@id":"https:\/\/occi-levage.com\/#website"},"primaryImageOfPage":{"@id":"https:\/\/occi-levage.com\/?product=palonnier-pose-de-vitrage#primaryimage"},"image":{"@id":"https:\/\/occi-levage.com\/?product=palonnier-pose-de-vitrage#primaryimage"},"thumbnailUrl":"https:\/\/occi-levage.com\/wp-content\/uploads\/2022\/06\/palonnier-400.jpg","datePublished":"2022-06-21T13:11:59+00:00","dateModified":"2022-07-13T11:45:43+00:00","breadcrumb":{"@id":"https:\/\/occi-levage.com\/?product=palonnier-pose-de-vitrage#breadcrumb"},"inLanguage":"fr-FR","potentialAction":[{"@type":"ReadAction","target":["https:\/\/occi-levage.com\/?product=palonnier-pose-de-vitrage"]}]},{"@type":"ImageObject","inLanguage":"fr-FR","@id":"https:\/\/occi-levage.com\/?product=palonnier-pose-de-vitrage#primaryimage","url":"https:\/\/occi-levage.com\/wp-content\/uploads\/2022\/06\/palonnier-400.jpg","contentUrl":"https:\/\/occi-levage.com\/wp-content\/uploads\/2022\/06\/palonnier-400.jpg","width":742,"height":598},{"@type":"BreadcrumbList","@id":"https:\/\/occi-levage.com\/?product=palonnier-pose-de-vitrage#breadcrumb","itemListElement":[{"@type":"ListItem","position":1,"name":"Accueil","item":"https:\/\/occi-levage.com\/"},{"@type":"ListItem","position":2,"name":"Produits","item":"https:\/\/occi-levage.com\/?page_id=7"},{"@type":"ListItem","position":3,"name":"PALONNIER POSE DE VITRAGE"}]},{"@type":"WebSite","@id":"https:\/\/occi-levage.com\/#website","url":"https:\/\/occi-levage.com\/","name":"Occi Levage","description":"Just another WordPress site","publisher":{"@id":"https:\/\/occi-levage.com\/#organization"},"potentialAction":[{"@type":"SearchAction","target":{"@type":"EntryPoint","urlTemplate":"https:\/\/occi-levage.com\/?s={search_term_string}"},"query-input":{"@type":"PropertyValueSpecification","valueRequired":true,"valueName":"search_term_string"}}],"inLanguage":"fr-FR"},{"@type":"Organization","@id":"https:\/\/occi-levage.com\/#organization","name":"Occi Levage","url":"https:\/\/occi-levage.com\/","logo":{"@type":"ImageObject","inLanguage":"fr-FR","@id":"https:\/\/occi-levage.com\/#\/schema\/logo\/image\/","url":"https:\/\/occi-levage.com\/wp-content\/uploads\/2022\/06\/cropped-Fichier-10.png","contentUrl":"https:\/\/occi-levage.com\/wp-content\/uploads\/2022\/06\/cropped-Fichier-10.png","width":413,"height":318,"caption":"Occi Levage"},"image":{"@id":"https:\/\/occi-levage.com\/#\/schema\/logo\/image\/"}}]}},"_links":{"self":[{"href":"https:\/\/occi-levage.com\/index.php?rest_route=\/wp\/v2\/product\/185","targetHints":{"allow":["GET"]}}],"collection":[{"href":"https:\/\/occi-levage.com\/index.php?rest_route=\/wp\/v2\/product"}],"about":[{"href":"https:\/\/occi-levage.com\/index.php?rest_route=\/wp\/v2\/types\/product"}],"wp:featuredmedia":[{"embeddable":true,"href":"https:\/\/occi-levage.com\/index.php?rest_route=\/wp\/v2\/media\/186"}],"wp:attachment":[{"href":"https:\/\/occi-levage.com\/index.php?rest_route=%2Fwp%2Fv2%2Fmedia&parent=185"}],"wp:term":[{"taxonomy":"product_brand","embeddable":true,"href":"https:\/\/occi-levage.com\/index.php?rest_route=%2Fwp%2Fv2%2Fproduct_brand&post=185"},{"taxonomy":"product_cat","embeddable":true,"href":"https:\/\/occi-levage.com\/index.php?rest_route=%2Fwp%2Fv2%2Fproduct_cat&post=185"},{"taxonomy":"product_tag","embeddable":true,"href":"https:\/\/occi-levage.com\/index.php?rest_route=%2Fwp%2Fv2%2Fproduct_tag&post=185"}],"curies":[{"name":"wp","href":"https:\/\/api.w.org\/{rel}","templated":true}]}}