{"id":181,"date":"2022-06-21T12:57:01","date_gmt":"2022-06-21T12:57:01","guid":{"rendered":"https:\/\/occi-levage.com\/?post_type=product&#038;p=181"},"modified":"2022-07-21T17:05:04","modified_gmt":"2022-07-21T17:05:04","slug":"location-mini-grues-bg-lift-m400","status":"publish","type":"product","link":"https:\/\/occi-levage.com\/?product=location-mini-grues-bg-lift-m400","title":{"rendered":"Mini-grue BGLift M 400"},"content":{"rendered":"<p>La mini-grue BGLift M 400 est non seulement une grue sur chenilles compacte exceptionnelle, mais \u00e9galement une grue \u00ab\u00a0Pick &amp; Carry\u00a0\u00bb infatigable, capable de se d\u00e9placer avec une pr\u00e9cision millim\u00e9trique dans des espaces tr\u00e8s \u00e9troits. Elle peut lever une charge jusqu\u2019\u00e0 1,6 tonnes !<br \/>\nLa technologie innovante des stabilisateurs avec doubles barres transversales crois\u00e9es constitue un atout majeur pour son positionnement. Elle autorise son utilisation dans des situations op\u00e9rationnelles consid\u00e9r\u00e9es jusque l\u00e0 comme impossible.<br \/>\nLa petite taille et le poids r\u00e9duit de la grue, combin\u00e9s \u00e0 une grande maniabilit\u00e9, r\u00e9duisent consid\u00e9rablement les temps d\u2019intervention en augmentant la qualit\u00e9 du travail, tout en garantissant une s\u00e9curit\u00e9 totale.<\/p>\n","protected":false},"excerpt":{"rendered":"<p>La mini-grue BGLift M 400 est non seulement une grue sur chenilles compacte exceptionnelle, mais \u00e9galement une grue \u00ab\u00a0Pick &amp; Carry\u00a0\u00bb infatigable, capable de se d\u00e9placer avec une pr\u00e9cision millim\u00e9trique dans des espaces tr\u00e8s \u00e9troits.<\/p>\n<p>Elle peut lever une charge jusqu\u2019\u00e0 1,6 tonnes.<\/p>\n<p>La technologie innovante des stabilisateurs avec doubles barres transversales crois\u00e9es constitue un atout majeur pour son positionnement, qui autorise son utilisation dans des situations op\u00e9rationnelles consid\u00e9r\u00e9es comme impossible.<\/p>\n<p>&nbsp;<\/p>\n<p><strong>Caract\u00e9ristiques Op\u00e9rationnelles<\/strong><\/p>\n<ul>\n<li>1,6 tonne Pick and Carry<\/li>\n<li>Rotation continue du bras t\u00e9lescopique (\u00e9galement avec le Jib)<\/li>\n<li>Bras de grue sans contre-poids<\/li>\n<li>C\u00e2ble de treuil toujours pr\u00eat \u00e0 travailler, \u00e9galement avec le Jib<\/li>\n<li>V\u00e9rins de t\u00e9lescopage plac\u00e9s \u00e0 l\u2019int\u00e9rieur du bras de Jib<\/li>\n<li>Jib toujours pr\u00eat \u00e0 l\u2019emploi<\/li>\n<li>Stabilisateurs des possibilit\u00e9s de stabilisation multiples<\/li>\n<li>Deux vitesses de d\u00e9placement<\/li>\n<\/ul>\n<p>&nbsp;<\/p>\n<p><strong>Puissance<\/strong><\/p>\n<ul>\n<li>2100 kg de capacit\u00e9 de portage \u00e0 14,80 m de hauteur, avec le bras \u00e0 la verticale<\/li>\n<li>750 kg de capacit\u00e9 de portage \u00e0 21,10 m de hauteur, avec le bras et le Jib \u00e0 la verticale.<\/li>\n<\/ul>\n<p><strong>Technologies<\/strong><\/p>\n<p><span style=\"color: #b01c18;\"><strong>Toutes les fonctions sous contr\u00f4le <\/strong><\/span><\/p>\n<ul>\n<li>La t\u00e9l\u00e9commande multifonction proportionnelle avec \u00e9cran pour le contr\u00f4le int\u00e9gr\u00e9, permet \u00e9galement de visualiser en temps r\u00e9el toutes les informations de la grue.<\/li>\n<\/ul>\n<p><span style=\"color: #b01c18;\"><strong>Contr\u00f4le de stabilit\u00e9 intelligent (Smart Stability Control) <\/strong><\/span><\/p>\n<ul>\n<li>Le syst\u00e8me \u00e9lectronique de contr\u00f4le de la stabilit\u00e9 int\u00e9gr\u00e9 permet \u00e0 la grue d\u2019ajuster automatiquement sa capacit\u00e9 de charge en fonction de la position de chaque stabilisateur.<\/li>\n<\/ul>\n<p><span style=\"color: #b01c18;\"><strong>Sans limites de rotation <\/strong><\/span><\/p>\n<ul>\n<li>Rotation continue sans encombrement arri\u00e8re.<\/li>\n<\/ul>\n<p><span style=\"color: #b01c18;\"><strong>Toujours pr\u00eat \u00e0 l\u2019emploi <\/strong><\/span><\/p>\n<ul>\n<li>Ch\u00e2ssis en \u201cX\u201d permettant de travailler avec les stabilisateurs dans le gabarit.<\/li>\n<\/ul>\n<p><span style=\"color: #b01c18;\"><strong>Facile \u00e0 conduire<\/strong><\/span><\/p>\n<ul>\n<li>Peut se stabiliser et travailler sur des terrains escarp\u00e9s.<\/li>\n<\/ul>\n<p><span style=\"color: #b01c18;\"><strong>Jib au del\u00e0 de la ligne horizontale <\/strong><\/span><\/p>\n<ul>\n<li>JIB \u00e0 + 15 \u00b0 pour surmonter les obstacles.<\/li>\n<\/ul>\n<p><span style=\"color: #b01c18;\"><strong>Jib toujours pr\u00eat \u00e0 l\u2019emploi <\/strong><\/span><\/p>\n<ul>\n<li>Jib compl\u00e8tement repliable hydrauliquement sous le bras de la grue principale.<\/li>\n<\/ul>\n<p>La petite taille et le poids r\u00e9duit de la grue, combin\u00e9s \u00e0 une grande maniabilit\u00e9, r\u00e9duisent consid\u00e9rablement les temps d\u2019intervention en augmentant la qualit\u00e9 du travail, tout en garantissant une s\u00e9curit\u00e9 totale.<\/p>\n<div class=\"product-buttons\"><a class=\"button\" target=\"_blank\" href=\"\/wp-content\/uploads\/pdf\/m-400.pdf\" rel=\"noopener\">T\u00e9l\u00e9charger la documentation<\/a><br \/>\n<a class=\"button\" href=\"\/?page_id=104\">Demander un devis<\/a><\/div>\n","protected":false},"featured_media":284,"template":"","meta":{"neve_meta_sidebar":"","neve_meta_container":"","neve_meta_enable_content_width":"off","neve_meta_content_width":100,"neve_meta_title_alignment":"","neve_meta_author_avatar":"","neve_post_elements_order":"","neve_meta_disable_header":"","neve_meta_disable_footer":"","neve_meta_disable_title":"","_themeisle_gutenberg_block_has_review":false},"product_brand":[],"product_cat":[18],"product_tag":[],"class_list":{"0":"post-181","1":"product","2":"type-product","3":"status-publish","4":"has-post-thumbnail","6":"product_cat-mini-grues","8":"first","9":"instock","10":"shipping-taxable","11":"product-type-simple"},"yoast_head":"<!-- This site is optimized with the Yoast SEO plugin v24.7 - https:\/\/yoast.com\/wordpress\/plugins\/seo\/ -->\n<title>Mini-grue BGLift M 400 - Occi Levage<\/title>\n<meta name=\"description\" content=\"Location de mini-grues BG Lift M400 pour le batiment, puissantes et compactes, avec op\u00e9rateur, en Occitanie et dans tout le Sud de la France\" \/>\n<meta name=\"robots\" content=\"index, follow, max-snippet:-1, max-image-preview:large, max-video-preview:-1\" \/>\n<link rel=\"canonical\" href=\"https:\/\/occi-levage.com\/?product=location-mini-grues-bg-lift-m400\" \/>\n<meta property=\"og:locale\" content=\"fr_FR\" \/>\n<meta property=\"og:type\" content=\"article\" \/>\n<meta property=\"og:title\" content=\"Mini-grue BGLift M 400 - Occi Levage\" \/>\n<meta property=\"og:description\" content=\"Location de mini-grues BG Lift M400 pour le batiment, puissantes et compactes, avec op\u00e9rateur, en Occitanie et dans tout le Sud de la France\" \/>\n<meta property=\"og:url\" content=\"https:\/\/occi-levage.com\/?product=location-mini-grues-bg-lift-m400\" \/>\n<meta property=\"og:site_name\" content=\"Occi Levage\" \/>\n<meta property=\"article:modified_time\" content=\"2022-07-21T17:05:04+00:00\" \/>\n<meta property=\"og:image\" content=\"https:\/\/occi-levage.com\/wp-content\/uploads\/2022\/06\/M250-001.png\" \/>\n\t<meta property=\"og:image:width\" content=\"800\" \/>\n\t<meta property=\"og:image:height\" content=\"800\" \/>\n\t<meta property=\"og:image:type\" content=\"image\/png\" \/>\n<meta name=\"twitter:card\" content=\"summary_large_image\" \/>\n<meta name=\"twitter:label1\" content=\"Dur\u00e9e de lecture estim\u00e9e\" \/>\n\t<meta name=\"twitter:data1\" content=\"1 minute\" \/>\n<script type=\"application\/ld+json\" class=\"yoast-schema-graph\">{\"@context\":\"https:\/\/schema.org\",\"@graph\":[{\"@type\":\"WebPage\",\"@id\":\"https:\/\/occi-levage.com\/?product=location-mini-grues-bg-lift-m400\",\"url\":\"https:\/\/occi-levage.com\/?product=location-mini-grues-bg-lift-m400\",\"name\":\"Mini-grue BGLift M 400 - Occi Levage\",\"isPartOf\":{\"@id\":\"https:\/\/occi-levage.com\/#website\"},\"primaryImageOfPage\":{\"@id\":\"https:\/\/occi-levage.com\/?product=location-mini-grues-bg-lift-m400#primaryimage\"},\"image\":{\"@id\":\"https:\/\/occi-levage.com\/?product=location-mini-grues-bg-lift-m400#primaryimage\"},\"thumbnailUrl\":\"https:\/\/occi-levage.com\/wp-content\/uploads\/2022\/06\/M250-001.png\",\"datePublished\":\"2022-06-21T12:57:01+00:00\",\"dateModified\":\"2022-07-21T17:05:04+00:00\",\"description\":\"Location de mini-grues BG Lift M400 pour le batiment, puissantes et compactes, avec op\u00e9rateur, en Occitanie et dans tout le Sud de la France\",\"breadcrumb\":{\"@id\":\"https:\/\/occi-levage.com\/?product=location-mini-grues-bg-lift-m400#breadcrumb\"},\"inLanguage\":\"fr-FR\",\"potentialAction\":[{\"@type\":\"ReadAction\",\"target\":[\"https:\/\/occi-levage.com\/?product=location-mini-grues-bg-lift-m400\"]}]},{\"@type\":\"ImageObject\",\"inLanguage\":\"fr-FR\",\"@id\":\"https:\/\/occi-levage.com\/?product=location-mini-grues-bg-lift-m400#primaryimage\",\"url\":\"https:\/\/occi-levage.com\/wp-content\/uploads\/2022\/06\/M250-001.png\",\"contentUrl\":\"https:\/\/occi-levage.com\/wp-content\/uploads\/2022\/06\/M250-001.png\",\"width\":800,\"height\":800,\"caption\":\"Mini-grue BG Lift M 250\"},{\"@type\":\"BreadcrumbList\",\"@id\":\"https:\/\/occi-levage.com\/?product=location-mini-grues-bg-lift-m400#breadcrumb\",\"itemListElement\":[{\"@type\":\"ListItem\",\"position\":1,\"name\":\"Accueil\",\"item\":\"https:\/\/occi-levage.com\/\"},{\"@type\":\"ListItem\",\"position\":2,\"name\":\"Produits\",\"item\":\"https:\/\/occi-levage.com\/?page_id=7\"},{\"@type\":\"ListItem\",\"position\":3,\"name\":\"Mini-grue BGLift M 400\"}]},{\"@type\":\"WebSite\",\"@id\":\"https:\/\/occi-levage.com\/#website\",\"url\":\"https:\/\/occi-levage.com\/\",\"name\":\"Occi Levage\",\"description\":\"Just another WordPress site\",\"publisher\":{\"@id\":\"https:\/\/occi-levage.com\/#organization\"},\"potentialAction\":[{\"@type\":\"SearchAction\",\"target\":{\"@type\":\"EntryPoint\",\"urlTemplate\":\"https:\/\/occi-levage.com\/?s={search_term_string}\"},\"query-input\":{\"@type\":\"PropertyValueSpecification\",\"valueRequired\":true,\"valueName\":\"search_term_string\"}}],\"inLanguage\":\"fr-FR\"},{\"@type\":\"Organization\",\"@id\":\"https:\/\/occi-levage.com\/#organization\",\"name\":\"Occi Levage\",\"url\":\"https:\/\/occi-levage.com\/\",\"logo\":{\"@type\":\"ImageObject\",\"inLanguage\":\"fr-FR\",\"@id\":\"https:\/\/occi-levage.com\/#\/schema\/logo\/image\/\",\"url\":\"https:\/\/occi-levage.com\/wp-content\/uploads\/2022\/06\/cropped-Fichier-10.png\",\"contentUrl\":\"https:\/\/occi-levage.com\/wp-content\/uploads\/2022\/06\/cropped-Fichier-10.png\",\"width\":413,\"height\":318,\"caption\":\"Occi Levage\"},\"image\":{\"@id\":\"https:\/\/occi-levage.com\/#\/schema\/logo\/image\/\"}}]}<\/script>\n<!-- \/ Yoast SEO plugin. -->","yoast_head_json":{"title":"Mini-grue BGLift M 400 - Occi Levage","description":"Location de mini-grues BG Lift M400 pour le batiment, puissantes et compactes, avec op\u00e9rateur, en Occitanie et dans tout le Sud de la France","robots":{"index":"index","follow":"follow","max-snippet":"max-snippet:-1","max-image-preview":"max-image-preview:large","max-video-preview":"max-video-preview:-1"},"canonical":"https:\/\/occi-levage.com\/?product=location-mini-grues-bg-lift-m400","og_locale":"fr_FR","og_type":"article","og_title":"Mini-grue BGLift M 400 - Occi Levage","og_description":"Location de mini-grues BG Lift M400 pour le batiment, puissantes et compactes, avec op\u00e9rateur, en Occitanie et dans tout le Sud de la France","og_url":"https:\/\/occi-levage.com\/?product=location-mini-grues-bg-lift-m400","og_site_name":"Occi Levage","article_modified_time":"2022-07-21T17:05:04+00:00","og_image":[{"width":800,"height":800,"url":"https:\/\/occi-levage.com\/wp-content\/uploads\/2022\/06\/M250-001.png","type":"image\/png"}],"twitter_card":"summary_large_image","twitter_misc":{"Dur\u00e9e de lecture estim\u00e9e":"1 minute"},"schema":{"@context":"https:\/\/schema.org","@graph":[{"@type":"WebPage","@id":"https:\/\/occi-levage.com\/?product=location-mini-grues-bg-lift-m400","url":"https:\/\/occi-levage.com\/?product=location-mini-grues-bg-lift-m400","name":"Mini-grue BGLift M 400 - Occi Levage","isPartOf":{"@id":"https:\/\/occi-levage.com\/#website"},"primaryImageOfPage":{"@id":"https:\/\/occi-levage.com\/?product=location-mini-grues-bg-lift-m400#primaryimage"},"image":{"@id":"https:\/\/occi-levage.com\/?product=location-mini-grues-bg-lift-m400#primaryimage"},"thumbnailUrl":"https:\/\/occi-levage.com\/wp-content\/uploads\/2022\/06\/M250-001.png","datePublished":"2022-06-21T12:57:01+00:00","dateModified":"2022-07-21T17:05:04+00:00","description":"Location de mini-grues BG Lift M400 pour le batiment, puissantes et compactes, avec op\u00e9rateur, en Occitanie et dans tout le Sud de la France","breadcrumb":{"@id":"https:\/\/occi-levage.com\/?product=location-mini-grues-bg-lift-m400#breadcrumb"},"inLanguage":"fr-FR","potentialAction":[{"@type":"ReadAction","target":["https:\/\/occi-levage.com\/?product=location-mini-grues-bg-lift-m400"]}]},{"@type":"ImageObject","inLanguage":"fr-FR","@id":"https:\/\/occi-levage.com\/?product=location-mini-grues-bg-lift-m400#primaryimage","url":"https:\/\/occi-levage.com\/wp-content\/uploads\/2022\/06\/M250-001.png","contentUrl":"https:\/\/occi-levage.com\/wp-content\/uploads\/2022\/06\/M250-001.png","width":800,"height":800,"caption":"Mini-grue BG Lift M 250"},{"@type":"BreadcrumbList","@id":"https:\/\/occi-levage.com\/?product=location-mini-grues-bg-lift-m400#breadcrumb","itemListElement":[{"@type":"ListItem","position":1,"name":"Accueil","item":"https:\/\/occi-levage.com\/"},{"@type":"ListItem","position":2,"name":"Produits","item":"https:\/\/occi-levage.com\/?page_id=7"},{"@type":"ListItem","position":3,"name":"Mini-grue BGLift M 400"}]},{"@type":"WebSite","@id":"https:\/\/occi-levage.com\/#website","url":"https:\/\/occi-levage.com\/","name":"Occi Levage","description":"Just another WordPress site","publisher":{"@id":"https:\/\/occi-levage.com\/#organization"},"potentialAction":[{"@type":"SearchAction","target":{"@type":"EntryPoint","urlTemplate":"https:\/\/occi-levage.com\/?s={search_term_string}"},"query-input":{"@type":"PropertyValueSpecification","valueRequired":true,"valueName":"search_term_string"}}],"inLanguage":"fr-FR"},{"@type":"Organization","@id":"https:\/\/occi-levage.com\/#organization","name":"Occi Levage","url":"https:\/\/occi-levage.com\/","logo":{"@type":"ImageObject","inLanguage":"fr-FR","@id":"https:\/\/occi-levage.com\/#\/schema\/logo\/image\/","url":"https:\/\/occi-levage.com\/wp-content\/uploads\/2022\/06\/cropped-Fichier-10.png","contentUrl":"https:\/\/occi-levage.com\/wp-content\/uploads\/2022\/06\/cropped-Fichier-10.png","width":413,"height":318,"caption":"Occi Levage"},"image":{"@id":"https:\/\/occi-levage.com\/#\/schema\/logo\/image\/"}}]}},"_links":{"self":[{"href":"https:\/\/occi-levage.com\/index.php?rest_route=\/wp\/v2\/product\/181","targetHints":{"allow":["GET"]}}],"collection":[{"href":"https:\/\/occi-levage.com\/index.php?rest_route=\/wp\/v2\/product"}],"about":[{"href":"https:\/\/occi-levage.com\/index.php?rest_route=\/wp\/v2\/types\/product"}],"wp:featuredmedia":[{"embeddable":true,"href":"https:\/\/occi-levage.com\/index.php?rest_route=\/wp\/v2\/media\/284"}],"wp:attachment":[{"href":"https:\/\/occi-levage.com\/index.php?rest_route=%2Fwp%2Fv2%2Fmedia&parent=181"}],"wp:term":[{"taxonomy":"product_brand","embeddable":true,"href":"https:\/\/occi-levage.com\/index.php?rest_route=%2Fwp%2Fv2%2Fproduct_brand&post=181"},{"taxonomy":"product_cat","embeddable":true,"href":"https:\/\/occi-levage.com\/index.php?rest_route=%2Fwp%2Fv2%2Fproduct_cat&post=181"},{"taxonomy":"product_tag","embeddable":true,"href":"https:\/\/occi-levage.com\/index.php?rest_route=%2Fwp%2Fv2%2Fproduct_tag&post=181"}],"curies":[{"name":"wp","href":"https:\/\/api.w.org\/{rel}","templated":true}]}}