{"id":178,"date":"2022-06-21T12:53:11","date_gmt":"2022-06-21T12:53:11","guid":{"rendered":"https:\/\/occi-levage.com\/?post_type=product&#038;p=178"},"modified":"2022-07-13T11:46:47","modified_gmt":"2022-07-13T11:46:47","slug":"bglift-m-250","status":"publish","type":"product","link":"https:\/\/occi-levage.com\/?product=bglift-m-250","title":{"rendered":"Mini-grue BGLift M 250"},"content":{"rendered":"<p>La mini-grue M 250 de BGLift est un engin solide, dot\u00e9 de technologies de pointe, de mat\u00e9riaux et de composants de premi\u00e8re qualit\u00e9, qui permet d\u2019obtenir les meilleures performances globales dans sa cat\u00e9gorie.<\/p>\n<p>Il est construit pour une utilisation en int\u00e9rieur comme en ext\u00e9rieur dans des espaces restreints, avec une pr\u00e9dilection pour les espaces exigus ou difficilement accessibles.<\/p>\n<p>Les dimensions et la l\u00e9g\u00e8ret\u00e9 de la mini-grue, alli\u00e9es \u00e0 une pr\u00e9cision millim\u00e9trique et une tr\u00e8s grande\u00a0 maniabilit\u00e9, permettent des op\u00e9rations rapides et moins invasives.<\/p>\n","protected":false},"excerpt":{"rendered":"<p>La mini-grue M 250 de BGLift est un engin solide, dot\u00e9 de technologies de pointe, de mat\u00e9riaux et de composants de premi\u00e8re qualit\u00e9, qui permet d\u2019obtenir les meilleures performances globales dans sa cat\u00e9gorie.<\/p>\n<p>Il est construit pour une utilisation en int\u00e9rieur comme en ext\u00e9rieur dans des espaces restreints, avec une pr\u00e9dilection pour les espaces exigus ou difficilement accessibles.<\/p>\n<p>Les dimensions et la l\u00e9g\u00e8ret\u00e9 de la mini-grue, alli\u00e9es \u00e0 une pr\u00e9cision millim\u00e9trique et une tr\u00e8s grande\u00a0 maniabilit\u00e9, permettent des op\u00e9rations rapides et moins invasives.<\/p>\n<p><strong>Caract\u00e9ristiques Op\u00e9rationnelles<\/strong><\/p>\n<ul>\n<li>Rotation continue du Bras t\u00e9lescopique (\u00e9galement avec le Jib)<\/li>\n<li>Bras de grue sans contre-poids<\/li>\n<li>C\u00e2ble de treuil toujours pr\u00eat \u00e0 travailler, \u00e9galement avec le Jib<\/li>\n<li>V\u00e9rins de t\u00e9lescopage plac\u00e9s \u00e0 l\u2019int\u00e9rieur du bras de Jib<\/li>\n<li>Jib toujours pr\u00eat \u00e0 l\u2019emploi<\/li>\n<li>Stabilisateurs avec diff\u00e9rents angles de position et grand d\u00e9battement pour tout type de terrain \u2022 Ch\u00e2ssis \u00e0 chenilles r\u00e9tractable jusqu\u2019\u00e0 780 mm<\/li>\n<li>Ch\u00e2ssis \u00e0 double vitesse de d\u00e9placement<\/li>\n<li>Facilement transportable avec un v\u00e9hicule l\u00e9ger gr\u00e2ce \u00e0 son poids r\u00e9duit.<\/li>\n<\/ul>\n<p>&nbsp;<\/p>\n<p><strong>Puissance<\/strong><\/p>\n<ul>\n<li>1250 kg de capacit\u00e9 de portage \u00e0 10,40 m de hauteur, avec le bras \u00e0 la verticale<\/li>\n<li>650 kg de capacit\u00e9 de portage \u00e0 15,90 m de hauteur, avec le bras et le jib \u00e0 la verticale.<\/li>\n<\/ul>\n<p><strong>Technologies<\/strong><\/p>\n<p><span style=\"color: #b01c18;\"><strong>Branchement Electrique toujours possible <\/strong><\/span><\/p>\n<ul>\n<li>Motorisation \u00e9lectrique Monophas\u00e9 2.2 Kw \/ 230V avec syst\u00e8me Inverter limitant la puissance au d\u00e9marrage.<\/li>\n<\/ul>\n<p><span style=\"color: #b01c18;\"><strong>Syst\u00e8me de contr\u00f4le de charge \u00e9lectronique (CEC) <\/strong><\/span><\/p>\n<ul>\n<li>Le syst\u00e8me de contr\u00f4le int\u00e9gr\u00e9 permet \u00e0 la grue d\u2019adapter automatiquement le limiteur de charge \u00e0 la situation d\u00e9termin\u00e9e par la position de chaque stabilisateur. S\u00e9curit\u00e9 totale pour l\u2019op\u00e9rateur.<\/li>\n<\/ul>\n<p><span style=\"color: #b01c18;\"><strong>Sans limites de rotation <\/strong><\/span><\/p>\n<ul>\n<li>Rotation continue sans encombrement gr\u00e2ce au bras sans contre-poids.<\/li>\n<\/ul>\n<p><span style=\"color: #b01c18;\"><strong>Jib au del\u00e0 de la ligne horizontale<\/strong><\/span><\/p>\n<ul>\n<li>Jib \u00e0 + 15 \u00b0 pour surmonter les obstacles.<\/li>\n<\/ul>\n<p><span style=\"color: #b01c18;\"><strong>Jib toujours pr\u00eat \u00e0 l\u2019emploi Jib <\/strong><\/span><\/p>\n<ul>\n<li>Compl\u00e8tement repliable hydrauliquement sous le bras de grue principal et facilement d\u00e9montable.<\/li>\n<\/ul>\n<div class=\"product-buttons\"><a class=\"button\" target=\"_blank\" href=\"\/wp-content\/uploads\/pdf\/m-250.pdf\" rel=\"noopener\">T\u00e9l\u00e9charger la documentation<\/a><br \/>\n<a class=\"button\" href=\"\/?page_id=104\">Demander un devis<\/a><\/div>\n","protected":false},"featured_media":284,"template":"","meta":{"neve_meta_sidebar":"","neve_meta_container":"","neve_meta_enable_content_width":"off","neve_meta_content_width":100,"neve_meta_title_alignment":"","neve_meta_author_avatar":"","neve_post_elements_order":"","neve_meta_disable_header":"","neve_meta_disable_footer":"","neve_meta_disable_title":"","_themeisle_gutenberg_block_has_review":false},"product_brand":[],"product_cat":[18],"product_tag":[],"class_list":{"0":"post-178","1":"product","2":"type-product","3":"status-publish","4":"has-post-thumbnail","6":"product_cat-mini-grues","8":"first","9":"instock","10":"shipping-taxable","11":"product-type-simple"},"yoast_head":"<!-- This site is optimized with the Yoast SEO plugin v24.7 - https:\/\/yoast.com\/wordpress\/plugins\/seo\/ -->\n<title>Mini-grue BGLift M 250 - Occi Levage<\/title>\n<meta name=\"robots\" content=\"index, follow, max-snippet:-1, max-image-preview:large, max-video-preview:-1\" \/>\n<link rel=\"canonical\" href=\"https:\/\/occi-levage.com\/?product=bglift-m-250\" \/>\n<meta property=\"og:locale\" content=\"fr_FR\" \/>\n<meta property=\"og:type\" content=\"article\" \/>\n<meta property=\"og:title\" content=\"Mini-grue BGLift M 250 - Occi Levage\" \/>\n<meta property=\"og:description\" content=\"La mini-grue M 250 de BGLift est un engin solide, dot\u00e9 de technologies de pointe, de mat\u00e9riaux et de composants de premi\u00e8re qualit\u00e9, qui permet d\u2019obtenir les meilleures performances globales dans sa cat\u00e9gorie.  Il est construit pour une utilisation en int\u00e9rieur comme en ext\u00e9rieur dans des espaces restreints, avec une pr\u00e9dilection pour les espaces exigus ou difficilement accessibles.  Les dimensions et la l\u00e9g\u00e8ret\u00e9 de la mini-grue, alli\u00e9es \u00e0 une pr\u00e9cision millim\u00e9trique et une tr\u00e8s grande\u00a0 maniabilit\u00e9, permettent des op\u00e9rations rapides et moins invasives.  Caract\u00e9ristiques Op\u00e9rationnelles   Rotation continue du Bras t\u00e9lescopique (\u00e9galement avec le Jib)  Bras de grue sans contre-poids  C\u00e2ble de treuil toujours pr\u00eat \u00e0 travailler, \u00e9galement avec le Jib  V\u00e9rins de t\u00e9lescopage plac\u00e9s \u00e0 l\u2019int\u00e9rieur du bras de Jib  Jib toujours pr\u00eat \u00e0 l\u2019emploi  Stabilisateurs avec diff\u00e9rents angles de position et grand d\u00e9battement pour tout type de terrain \u2022 Ch\u00e2ssis \u00e0 chenilles r\u00e9tractable jusqu\u2019\u00e0 780 mm  Ch\u00e2ssis \u00e0 double vitesse de d\u00e9placement  Facilement transportable avec un v\u00e9hicule l\u00e9ger gr\u00e2ce \u00e0 son poids r\u00e9duit.  &nbsp;  Puissance   1250 kg de capacit\u00e9 de portage \u00e0 10,40 m de hauteur, avec le bras \u00e0 la verticale  650 kg de capacit\u00e9 de portage \u00e0 15,90 m de hauteur, avec le bras et le jib \u00e0 la verticale.  Technologies  Branchement Electrique toujours possible    Motorisation \u00e9lectrique Monophas\u00e9 2.2 Kw \/ 230V avec syst\u00e8me Inverter limitant la puissance au d\u00e9marrage.  Syst\u00e8me de contr\u00f4le de charge \u00e9lectronique (CEC)    Le syst\u00e8me de contr\u00f4le int\u00e9gr\u00e9 permet \u00e0 la grue d\u2019adapter automatiquement le limiteur de charge \u00e0 la situation d\u00e9termin\u00e9e par la position de chaque stabilisateur. S\u00e9curit\u00e9 totale pour l\u2019op\u00e9rateur.  Sans limites de rotation    Rotation continue sans encombrement gr\u00e2ce au bras sans contre-poids.  Jib au del\u00e0 de la ligne horizontale   Jib \u00e0 + 15 \u00b0 pour surmonter les obstacles.  Jib toujours pr\u00eat \u00e0 l\u2019emploi Jib    Compl\u00e8tement repliable hydrauliquement sous le bras de grue principal et facilement d\u00e9montable.   T\u00e9l\u00e9charger la documentation Demander un devis\" \/>\n<meta property=\"og:url\" content=\"https:\/\/occi-levage.com\/?product=bglift-m-250\" \/>\n<meta property=\"og:site_name\" content=\"Occi Levage\" \/>\n<meta property=\"article:modified_time\" content=\"2022-07-13T11:46:47+00:00\" \/>\n<meta property=\"og:image\" content=\"https:\/\/occi-levage.com\/wp-content\/uploads\/2022\/06\/M250-001.png\" \/>\n\t<meta property=\"og:image:width\" content=\"800\" \/>\n\t<meta property=\"og:image:height\" content=\"800\" \/>\n\t<meta property=\"og:image:type\" content=\"image\/png\" \/>\n<meta name=\"twitter:card\" content=\"summary_large_image\" \/>\n<meta name=\"twitter:label1\" content=\"Dur\u00e9e de lecture estim\u00e9e\" \/>\n\t<meta name=\"twitter:data1\" content=\"2 minutes\" \/>\n<script type=\"application\/ld+json\" class=\"yoast-schema-graph\">{\"@context\":\"https:\/\/schema.org\",\"@graph\":[{\"@type\":\"WebPage\",\"@id\":\"https:\/\/occi-levage.com\/?product=bglift-m-250\",\"url\":\"https:\/\/occi-levage.com\/?product=bglift-m-250\",\"name\":\"Mini-grue BGLift M 250 - Occi Levage\",\"isPartOf\":{\"@id\":\"https:\/\/occi-levage.com\/#website\"},\"primaryImageOfPage\":{\"@id\":\"https:\/\/occi-levage.com\/?product=bglift-m-250#primaryimage\"},\"image\":{\"@id\":\"https:\/\/occi-levage.com\/?product=bglift-m-250#primaryimage\"},\"thumbnailUrl\":\"https:\/\/occi-levage.com\/wp-content\/uploads\/2022\/06\/M250-001.png\",\"datePublished\":\"2022-06-21T12:53:11+00:00\",\"dateModified\":\"2022-07-13T11:46:47+00:00\",\"breadcrumb\":{\"@id\":\"https:\/\/occi-levage.com\/?product=bglift-m-250#breadcrumb\"},\"inLanguage\":\"fr-FR\",\"potentialAction\":[{\"@type\":\"ReadAction\",\"target\":[\"https:\/\/occi-levage.com\/?product=bglift-m-250\"]}]},{\"@type\":\"ImageObject\",\"inLanguage\":\"fr-FR\",\"@id\":\"https:\/\/occi-levage.com\/?product=bglift-m-250#primaryimage\",\"url\":\"https:\/\/occi-levage.com\/wp-content\/uploads\/2022\/06\/M250-001.png\",\"contentUrl\":\"https:\/\/occi-levage.com\/wp-content\/uploads\/2022\/06\/M250-001.png\",\"width\":800,\"height\":800,\"caption\":\"Mini-grue BG Lift M 250\"},{\"@type\":\"BreadcrumbList\",\"@id\":\"https:\/\/occi-levage.com\/?product=bglift-m-250#breadcrumb\",\"itemListElement\":[{\"@type\":\"ListItem\",\"position\":1,\"name\":\"Accueil\",\"item\":\"https:\/\/occi-levage.com\/\"},{\"@type\":\"ListItem\",\"position\":2,\"name\":\"Produits\",\"item\":\"https:\/\/occi-levage.com\/?page_id=7\"},{\"@type\":\"ListItem\",\"position\":3,\"name\":\"Mini-grue BGLift M 250\"}]},{\"@type\":\"WebSite\",\"@id\":\"https:\/\/occi-levage.com\/#website\",\"url\":\"https:\/\/occi-levage.com\/\",\"name\":\"Occi Levage\",\"description\":\"Just another WordPress site\",\"publisher\":{\"@id\":\"https:\/\/occi-levage.com\/#organization\"},\"potentialAction\":[{\"@type\":\"SearchAction\",\"target\":{\"@type\":\"EntryPoint\",\"urlTemplate\":\"https:\/\/occi-levage.com\/?s={search_term_string}\"},\"query-input\":{\"@type\":\"PropertyValueSpecification\",\"valueRequired\":true,\"valueName\":\"search_term_string\"}}],\"inLanguage\":\"fr-FR\"},{\"@type\":\"Organization\",\"@id\":\"https:\/\/occi-levage.com\/#organization\",\"name\":\"Occi Levage\",\"url\":\"https:\/\/occi-levage.com\/\",\"logo\":{\"@type\":\"ImageObject\",\"inLanguage\":\"fr-FR\",\"@id\":\"https:\/\/occi-levage.com\/#\/schema\/logo\/image\/\",\"url\":\"https:\/\/occi-levage.com\/wp-content\/uploads\/2022\/06\/cropped-Fichier-10.png\",\"contentUrl\":\"https:\/\/occi-levage.com\/wp-content\/uploads\/2022\/06\/cropped-Fichier-10.png\",\"width\":413,\"height\":318,\"caption\":\"Occi Levage\"},\"image\":{\"@id\":\"https:\/\/occi-levage.com\/#\/schema\/logo\/image\/\"}}]}<\/script>\n<!-- \/ Yoast SEO plugin. -->","yoast_head_json":{"title":"Mini-grue BGLift M 250 - Occi Levage","robots":{"index":"index","follow":"follow","max-snippet":"max-snippet:-1","max-image-preview":"max-image-preview:large","max-video-preview":"max-video-preview:-1"},"canonical":"https:\/\/occi-levage.com\/?product=bglift-m-250","og_locale":"fr_FR","og_type":"article","og_title":"Mini-grue BGLift M 250 - Occi Levage","og_description":"La mini-grue M 250 de BGLift est un engin solide, dot\u00e9 de technologies de pointe, de mat\u00e9riaux et de composants de premi\u00e8re qualit\u00e9, qui permet d\u2019obtenir les meilleures performances globales dans sa cat\u00e9gorie.  Il est construit pour une utilisation en int\u00e9rieur comme en ext\u00e9rieur dans des espaces restreints, avec une pr\u00e9dilection pour les espaces exigus ou difficilement accessibles.  Les dimensions et la l\u00e9g\u00e8ret\u00e9 de la mini-grue, alli\u00e9es \u00e0 une pr\u00e9cision millim\u00e9trique et une tr\u00e8s grande\u00a0 maniabilit\u00e9, permettent des op\u00e9rations rapides et moins invasives.  Caract\u00e9ristiques Op\u00e9rationnelles   Rotation continue du Bras t\u00e9lescopique (\u00e9galement avec le Jib)  Bras de grue sans contre-poids  C\u00e2ble de treuil toujours pr\u00eat \u00e0 travailler, \u00e9galement avec le Jib  V\u00e9rins de t\u00e9lescopage plac\u00e9s \u00e0 l\u2019int\u00e9rieur du bras de Jib  Jib toujours pr\u00eat \u00e0 l\u2019emploi  Stabilisateurs avec diff\u00e9rents angles de position et grand d\u00e9battement pour tout type de terrain \u2022 Ch\u00e2ssis \u00e0 chenilles r\u00e9tractable jusqu\u2019\u00e0 780 mm  Ch\u00e2ssis \u00e0 double vitesse de d\u00e9placement  Facilement transportable avec un v\u00e9hicule l\u00e9ger gr\u00e2ce \u00e0 son poids r\u00e9duit.  &nbsp;  Puissance   1250 kg de capacit\u00e9 de portage \u00e0 10,40 m de hauteur, avec le bras \u00e0 la verticale  650 kg de capacit\u00e9 de portage \u00e0 15,90 m de hauteur, avec le bras et le jib \u00e0 la verticale.  Technologies  Branchement Electrique toujours possible    Motorisation \u00e9lectrique Monophas\u00e9 2.2 Kw \/ 230V avec syst\u00e8me Inverter limitant la puissance au d\u00e9marrage.  Syst\u00e8me de contr\u00f4le de charge \u00e9lectronique (CEC)    Le syst\u00e8me de contr\u00f4le int\u00e9gr\u00e9 permet \u00e0 la grue d\u2019adapter automatiquement le limiteur de charge \u00e0 la situation d\u00e9termin\u00e9e par la position de chaque stabilisateur. S\u00e9curit\u00e9 totale pour l\u2019op\u00e9rateur.  Sans limites de rotation    Rotation continue sans encombrement gr\u00e2ce au bras sans contre-poids.  Jib au del\u00e0 de la ligne horizontale   Jib \u00e0 + 15 \u00b0 pour surmonter les obstacles.  Jib toujours pr\u00eat \u00e0 l\u2019emploi Jib    Compl\u00e8tement repliable hydrauliquement sous le bras de grue principal et facilement d\u00e9montable.   T\u00e9l\u00e9charger la documentation Demander un devis","og_url":"https:\/\/occi-levage.com\/?product=bglift-m-250","og_site_name":"Occi Levage","article_modified_time":"2022-07-13T11:46:47+00:00","og_image":[{"width":800,"height":800,"url":"https:\/\/occi-levage.com\/wp-content\/uploads\/2022\/06\/M250-001.png","type":"image\/png"}],"twitter_card":"summary_large_image","twitter_misc":{"Dur\u00e9e de lecture estim\u00e9e":"2 minutes"},"schema":{"@context":"https:\/\/schema.org","@graph":[{"@type":"WebPage","@id":"https:\/\/occi-levage.com\/?product=bglift-m-250","url":"https:\/\/occi-levage.com\/?product=bglift-m-250","name":"Mini-grue BGLift M 250 - Occi Levage","isPartOf":{"@id":"https:\/\/occi-levage.com\/#website"},"primaryImageOfPage":{"@id":"https:\/\/occi-levage.com\/?product=bglift-m-250#primaryimage"},"image":{"@id":"https:\/\/occi-levage.com\/?product=bglift-m-250#primaryimage"},"thumbnailUrl":"https:\/\/occi-levage.com\/wp-content\/uploads\/2022\/06\/M250-001.png","datePublished":"2022-06-21T12:53:11+00:00","dateModified":"2022-07-13T11:46:47+00:00","breadcrumb":{"@id":"https:\/\/occi-levage.com\/?product=bglift-m-250#breadcrumb"},"inLanguage":"fr-FR","potentialAction":[{"@type":"ReadAction","target":["https:\/\/occi-levage.com\/?product=bglift-m-250"]}]},{"@type":"ImageObject","inLanguage":"fr-FR","@id":"https:\/\/occi-levage.com\/?product=bglift-m-250#primaryimage","url":"https:\/\/occi-levage.com\/wp-content\/uploads\/2022\/06\/M250-001.png","contentUrl":"https:\/\/occi-levage.com\/wp-content\/uploads\/2022\/06\/M250-001.png","width":800,"height":800,"caption":"Mini-grue BG Lift M 250"},{"@type":"BreadcrumbList","@id":"https:\/\/occi-levage.com\/?product=bglift-m-250#breadcrumb","itemListElement":[{"@type":"ListItem","position":1,"name":"Accueil","item":"https:\/\/occi-levage.com\/"},{"@type":"ListItem","position":2,"name":"Produits","item":"https:\/\/occi-levage.com\/?page_id=7"},{"@type":"ListItem","position":3,"name":"Mini-grue BGLift M 250"}]},{"@type":"WebSite","@id":"https:\/\/occi-levage.com\/#website","url":"https:\/\/occi-levage.com\/","name":"Occi Levage","description":"Just another WordPress site","publisher":{"@id":"https:\/\/occi-levage.com\/#organization"},"potentialAction":[{"@type":"SearchAction","target":{"@type":"EntryPoint","urlTemplate":"https:\/\/occi-levage.com\/?s={search_term_string}"},"query-input":{"@type":"PropertyValueSpecification","valueRequired":true,"valueName":"search_term_string"}}],"inLanguage":"fr-FR"},{"@type":"Organization","@id":"https:\/\/occi-levage.com\/#organization","name":"Occi Levage","url":"https:\/\/occi-levage.com\/","logo":{"@type":"ImageObject","inLanguage":"fr-FR","@id":"https:\/\/occi-levage.com\/#\/schema\/logo\/image\/","url":"https:\/\/occi-levage.com\/wp-content\/uploads\/2022\/06\/cropped-Fichier-10.png","contentUrl":"https:\/\/occi-levage.com\/wp-content\/uploads\/2022\/06\/cropped-Fichier-10.png","width":413,"height":318,"caption":"Occi Levage"},"image":{"@id":"https:\/\/occi-levage.com\/#\/schema\/logo\/image\/"}}]}},"_links":{"self":[{"href":"https:\/\/occi-levage.com\/index.php?rest_route=\/wp\/v2\/product\/178","targetHints":{"allow":["GET"]}}],"collection":[{"href":"https:\/\/occi-levage.com\/index.php?rest_route=\/wp\/v2\/product"}],"about":[{"href":"https:\/\/occi-levage.com\/index.php?rest_route=\/wp\/v2\/types\/product"}],"wp:featuredmedia":[{"embeddable":true,"href":"https:\/\/occi-levage.com\/index.php?rest_route=\/wp\/v2\/media\/284"}],"wp:attachment":[{"href":"https:\/\/occi-levage.com\/index.php?rest_route=%2Fwp%2Fv2%2Fmedia&parent=178"}],"wp:term":[{"taxonomy":"product_brand","embeddable":true,"href":"https:\/\/occi-levage.com\/index.php?rest_route=%2Fwp%2Fv2%2Fproduct_brand&post=178"},{"taxonomy":"product_cat","embeddable":true,"href":"https:\/\/occi-levage.com\/index.php?rest_route=%2Fwp%2Fv2%2Fproduct_cat&post=178"},{"taxonomy":"product_tag","embeddable":true,"href":"https:\/\/occi-levage.com\/index.php?rest_route=%2Fwp%2Fv2%2Fproduct_tag&post=178"}],"curies":[{"name":"wp","href":"https:\/\/api.w.org\/{rel}","templated":true}]}}