{"id":387,"date":"2022-10-11T09:04:48","date_gmt":"2022-10-11T09:04:48","guid":{"rendered":"https:\/\/occi-levage.com\/?page_id=387"},"modified":"2022-10-11T09:04:48","modified_gmt":"2022-10-11T09:04:48","slug":"politique-de-confidentialite","status":"publish","type":"page","link":"https:\/\/occi-levage.com\/?page_id=387","title":{"rendered":"Politique de confidentialit\u00e9"},"content":{"rendered":"<div id=\"wp-block-themeisle-blocks-advanced-columns-330ee466\" class=\"wp-block-themeisle-blocks-advanced-columns has-1-columns has-desktop-equal-layout has-tablet-equal-layout has-mobile-equal-layout has-vertical-unset\"><div class=\"wp-block-themeisle-blocks-advanced-columns-overlay\"><\/div><div class=\"innerblocks-wrap\"><div id=\"wp-block-themeisle-blocks-advanced-column-23bc1717\" class=\"wp-block-themeisle-blocks-advanced-column\"><h2 class=\"wp-block-heading\"><strong>VOS DONN\u00c9ES PERSONNELLES<\/strong><\/h2><\/div><\/div><\/div><p><strong>OCCI LEVAGE<\/strong><\/p><p>OCCI LEVAGE, en sa qualit\u00e9 de responsable de traitement, r\u00e9alise des traitements de donn\u00e9es \u00e0 caract\u00e8re personnel pour la gestion et le suivi de ses actions commerciales. Ce traitement est rendu afin de r\u00e9aliser des animations commerciales.<\/p><p>Elles sont utilis\u00e9es par la soci\u00e9t\u00e9 OCCI LEVAGE. Vos donn\u00e9es sont destin\u00e9es \u00e0 un usage interne, mais peuvent \u00eatre rendues accessibles \u00e0 nos prestataires informatiques dans le cadre et pour les seuls besoins de leur mission r\u00e9alis\u00e9e pour notre compte. Les prestataires sont soumis \u00e0 une obligation de confidentialit\u00e9 et ne peuvent utiliser vos donn\u00e9es qu\u2019en conformit\u00e9 avec nos dispositions contractuelles et la l\u00e9gislation applicable. Elles sont conserv\u00e9es pendant une dur\u00e9e ne pouvant exc\u00e9der 3 ans \u00e0 compter du dernier contact de votre part.<\/p><p>Pour toute r\u00e9clamation, vous pouvez vous adresser \u00e0 OCCI LEVAGE par mail via l&rsquo;adresse <a href=\"mailto:contact@occi-levage.com\">contact@occi-levage.com<\/a> Vous pouvez \u00e9galement introduire une r\u00e9clamation aupr\u00e8s de la Commission Nationale de l\u2019Informatique et des Libert\u00e9s si vous consid\u00e9rez que le traitement de vos donn\u00e9es \u00e0 caract\u00e8re personnel porte atteinte \u00e0 vos droits en mati\u00e8re de protection des donn\u00e9es (<a href=\"https:\/\/www.cnil.fr\/fr\/plaintes\" target=\"_blank\" rel=\"noreferrer noopener\">https:\/\/www.cnil.fr\/fr\/plaintes<\/a>).<\/p>","protected":false},"excerpt":{"rendered":"<p>OCCI LEVAGE OCCI LEVAGE, en sa qualit\u00e9 de responsable de traitement, r\u00e9alise des traitements de donn\u00e9es \u00e0 caract\u00e8re personnel pour la gestion et le suivi de ses actions commerciales. Ce traitement est rendu afin de r\u00e9aliser des animations commerciales. Elles sont utilis\u00e9es par la soci\u00e9t\u00e9 OCCI LEVAGE. Vos donn\u00e9es sont destin\u00e9es \u00e0 un usage interne,&hellip;&nbsp;<a href=\"https:\/\/occi-levage.com\/?page_id=387\" class=\"\" rel=\"bookmark\">Lire la suite &raquo;<span class=\"screen-reader-text\">Politique de confidentialit\u00e9<\/span><\/a><\/p>\n","protected":false},"author":1,"featured_media":0,"parent":0,"menu_order":0,"comment_status":"closed","ping_status":"closed","template":"","meta":{"neve_meta_sidebar":"","neve_meta_container":"","neve_meta_enable_content_width":"","neve_meta_content_width":0,"neve_meta_title_alignment":"","neve_meta_author_avatar":"","neve_post_elements_order":"","neve_meta_disable_header":"","neve_meta_disable_footer":"","neve_meta_disable_title":"","_themeisle_gutenberg_block_has_review":false,"footnotes":""},"class_list":["post-387","page","type-page","status-publish","hentry"],"yoast_head":"<!-- This site is optimized with the Yoast SEO plugin v24.7 - https:\/\/yoast.com\/wordpress\/plugins\/seo\/ -->\n<title>Politique de confidentialit\u00e9 - Occi Levage<\/title>\n<meta name=\"robots\" content=\"index, follow, max-snippet:-1, max-image-preview:large, max-video-preview:-1\" \/>\n<link rel=\"canonical\" href=\"https:\/\/occi-levage.com\/?page_id=387\" \/>\n<meta property=\"og:locale\" content=\"fr_FR\" \/>\n<meta property=\"og:type\" content=\"article\" \/>\n<meta property=\"og:title\" content=\"Politique de confidentialit\u00e9 - Occi Levage\" \/>\n<meta property=\"og:description\" content=\"OCCI LEVAGE OCCI LEVAGE, en sa qualit\u00e9 de responsable de traitement, r\u00e9alise des traitements de donn\u00e9es \u00e0 caract\u00e8re personnel pour la gestion et le suivi de ses actions commerciales. Ce traitement est rendu afin de r\u00e9aliser des animations commerciales. Elles sont utilis\u00e9es par la soci\u00e9t\u00e9 OCCI LEVAGE. Vos donn\u00e9es sont destin\u00e9es \u00e0 un usage interne,&hellip;&nbsp;Lire la suite &raquo;Politique de confidentialit\u00e9\" \/>\n<meta property=\"og:url\" content=\"https:\/\/occi-levage.com\/?page_id=387\" \/>\n<meta property=\"og:site_name\" content=\"Occi Levage\" \/>\n<meta name=\"twitter:card\" content=\"summary_large_image\" \/>\n<meta name=\"twitter:label1\" content=\"Dur\u00e9e de lecture estim\u00e9e\" \/>\n\t<meta name=\"twitter:data1\" content=\"1 minute\" \/>\n<script type=\"application\/ld+json\" class=\"yoast-schema-graph\">{\"@context\":\"https:\/\/schema.org\",\"@graph\":[{\"@type\":\"WebPage\",\"@id\":\"https:\/\/occi-levage.com\/?page_id=387\",\"url\":\"https:\/\/occi-levage.com\/?page_id=387\",\"name\":\"Politique de confidentialit\u00e9 - Occi Levage\",\"isPartOf\":{\"@id\":\"https:\/\/occi-levage.com\/#website\"},\"datePublished\":\"2022-10-11T09:04:48+00:00\",\"breadcrumb\":{\"@id\":\"https:\/\/occi-levage.com\/?page_id=387#breadcrumb\"},\"inLanguage\":\"fr-FR\",\"potentialAction\":[{\"@type\":\"ReadAction\",\"target\":[\"https:\/\/occi-levage.com\/?page_id=387\"]}]},{\"@type\":\"BreadcrumbList\",\"@id\":\"https:\/\/occi-levage.com\/?page_id=387#breadcrumb\",\"itemListElement\":[{\"@type\":\"ListItem\",\"position\":1,\"name\":\"Accueil\",\"item\":\"https:\/\/occi-levage.com\/\"},{\"@type\":\"ListItem\",\"position\":2,\"name\":\"Politique de confidentialit\u00e9\"}]},{\"@type\":\"WebSite\",\"@id\":\"https:\/\/occi-levage.com\/#website\",\"url\":\"https:\/\/occi-levage.com\/\",\"name\":\"Occi Levage\",\"description\":\"Just another WordPress site\",\"publisher\":{\"@id\":\"https:\/\/occi-levage.com\/#organization\"},\"potentialAction\":[{\"@type\":\"SearchAction\",\"target\":{\"@type\":\"EntryPoint\",\"urlTemplate\":\"https:\/\/occi-levage.com\/?s={search_term_string}\"},\"query-input\":{\"@type\":\"PropertyValueSpecification\",\"valueRequired\":true,\"valueName\":\"search_term_string\"}}],\"inLanguage\":\"fr-FR\"},{\"@type\":\"Organization\",\"@id\":\"https:\/\/occi-levage.com\/#organization\",\"name\":\"Occi Levage\",\"url\":\"https:\/\/occi-levage.com\/\",\"logo\":{\"@type\":\"ImageObject\",\"inLanguage\":\"fr-FR\",\"@id\":\"https:\/\/occi-levage.com\/#\/schema\/logo\/image\/\",\"url\":\"https:\/\/occi-levage.com\/wp-content\/uploads\/2022\/06\/cropped-Fichier-10.png\",\"contentUrl\":\"https:\/\/occi-levage.com\/wp-content\/uploads\/2022\/06\/cropped-Fichier-10.png\",\"width\":413,\"height\":318,\"caption\":\"Occi Levage\"},\"image\":{\"@id\":\"https:\/\/occi-levage.com\/#\/schema\/logo\/image\/\"}}]}<\/script>\n<!-- \/ Yoast SEO plugin. -->","yoast_head_json":{"title":"Politique de confidentialit\u00e9 - Occi Levage","robots":{"index":"index","follow":"follow","max-snippet":"max-snippet:-1","max-image-preview":"max-image-preview:large","max-video-preview":"max-video-preview:-1"},"canonical":"https:\/\/occi-levage.com\/?page_id=387","og_locale":"fr_FR","og_type":"article","og_title":"Politique de confidentialit\u00e9 - Occi Levage","og_description":"OCCI LEVAGE OCCI LEVAGE, en sa qualit\u00e9 de responsable de traitement, r\u00e9alise des traitements de donn\u00e9es \u00e0 caract\u00e8re personnel pour la gestion et le suivi de ses actions commerciales. Ce traitement est rendu afin de r\u00e9aliser des animations commerciales. Elles sont utilis\u00e9es par la soci\u00e9t\u00e9 OCCI LEVAGE. Vos donn\u00e9es sont destin\u00e9es \u00e0 un usage interne,&hellip;&nbsp;Lire la suite &raquo;Politique de confidentialit\u00e9","og_url":"https:\/\/occi-levage.com\/?page_id=387","og_site_name":"Occi Levage","twitter_card":"summary_large_image","twitter_misc":{"Dur\u00e9e de lecture estim\u00e9e":"1 minute"},"schema":{"@context":"https:\/\/schema.org","@graph":[{"@type":"WebPage","@id":"https:\/\/occi-levage.com\/?page_id=387","url":"https:\/\/occi-levage.com\/?page_id=387","name":"Politique de confidentialit\u00e9 - Occi Levage","isPartOf":{"@id":"https:\/\/occi-levage.com\/#website"},"datePublished":"2022-10-11T09:04:48+00:00","breadcrumb":{"@id":"https:\/\/occi-levage.com\/?page_id=387#breadcrumb"},"inLanguage":"fr-FR","potentialAction":[{"@type":"ReadAction","target":["https:\/\/occi-levage.com\/?page_id=387"]}]},{"@type":"BreadcrumbList","@id":"https:\/\/occi-levage.com\/?page_id=387#breadcrumb","itemListElement":[{"@type":"ListItem","position":1,"name":"Accueil","item":"https:\/\/occi-levage.com\/"},{"@type":"ListItem","position":2,"name":"Politique de confidentialit\u00e9"}]},{"@type":"WebSite","@id":"https:\/\/occi-levage.com\/#website","url":"https:\/\/occi-levage.com\/","name":"Occi Levage","description":"Just another WordPress site","publisher":{"@id":"https:\/\/occi-levage.com\/#organization"},"potentialAction":[{"@type":"SearchAction","target":{"@type":"EntryPoint","urlTemplate":"https:\/\/occi-levage.com\/?s={search_term_string}"},"query-input":{"@type":"PropertyValueSpecification","valueRequired":true,"valueName":"search_term_string"}}],"inLanguage":"fr-FR"},{"@type":"Organization","@id":"https:\/\/occi-levage.com\/#organization","name":"Occi Levage","url":"https:\/\/occi-levage.com\/","logo":{"@type":"ImageObject","inLanguage":"fr-FR","@id":"https:\/\/occi-levage.com\/#\/schema\/logo\/image\/","url":"https:\/\/occi-levage.com\/wp-content\/uploads\/2022\/06\/cropped-Fichier-10.png","contentUrl":"https:\/\/occi-levage.com\/wp-content\/uploads\/2022\/06\/cropped-Fichier-10.png","width":413,"height":318,"caption":"Occi Levage"},"image":{"@id":"https:\/\/occi-levage.com\/#\/schema\/logo\/image\/"}}]}},"_links":{"self":[{"href":"https:\/\/occi-levage.com\/index.php?rest_route=\/wp\/v2\/pages\/387","targetHints":{"allow":["GET"]}}],"collection":[{"href":"https:\/\/occi-levage.com\/index.php?rest_route=\/wp\/v2\/pages"}],"about":[{"href":"https:\/\/occi-levage.com\/index.php?rest_route=\/wp\/v2\/types\/page"}],"author":[{"embeddable":true,"href":"https:\/\/occi-levage.com\/index.php?rest_route=\/wp\/v2\/users\/1"}],"replies":[{"embeddable":true,"href":"https:\/\/occi-levage.com\/index.php?rest_route=%2Fwp%2Fv2%2Fcomments&post=387"}],"version-history":[{"count":1,"href":"https:\/\/occi-levage.com\/index.php?rest_route=\/wp\/v2\/pages\/387\/revisions"}],"predecessor-version":[{"id":388,"href":"https:\/\/occi-levage.com\/index.php?rest_route=\/wp\/v2\/pages\/387\/revisions\/388"}],"wp:attachment":[{"href":"https:\/\/occi-levage.com\/index.php?rest_route=%2Fwp%2Fv2%2Fmedia&parent=387"}],"curies":[{"name":"wp","href":"https:\/\/api.w.org\/{rel}","templated":true}]}}