{"id":298,"date":"2022-07-01T11:12:43","date_gmt":"2022-07-01T11:12:43","guid":{"rendered":"https:\/\/occi-levage.com\/?page_id=298"},"modified":"2022-07-01T11:22:22","modified_gmt":"2022-07-01T11:22:22","slug":"mentions-legales","status":"publish","type":"page","link":"https:\/\/occi-levage.com\/?page_id=298","title":{"rendered":"Mentions l\u00e9gales"},"content":{"rendered":"<h2 class=\"wp-block-heading\">\u00c9diteur<\/h2><p>Raison sociale\u00a0: OCCI LEVAGE<br>SARL au capital social de 10.000 \u20ac<br>Siret\u00a0: 91323973700012<br>RCS\u00a0: Perpignan B 913\u00a0239\u00a0737<br>Num\u00e9ro de TVA intracommunautaire\u00a0: FR07913239737<br>Si\u00e8ge social : 10 rue du Bouleau \u2013 66380 PIA<br>Activit\u00e9 (code NAF ou APE)\u00a0: Location et location-bail d\u2019autres machines, \u00e9quipements et biens mat\u00e9riels n.c.a. (7739Z)<br>Repr\u00e9sentant l\u00e9gal \u2013 responsable de la publication\u00a0: S\u00e9verine Payaud, g\u00e9rante de la SARL Occi Levage<\/p><h2 class=\"wp-block-heading\">H\u00e9bergement&nbsp;&nbsp;<\/h2><p><strong>OVH<\/strong><br>SAS au capital de 10 174 560 \u20ac<br>RCS Lille M\u00e9tropole 424 761 419 00045<br>Code APE 2620Z<br>N\u00b0 TVA : FR22424761419<br>Si\u00e8ge social : 2 rue Kellermann \u2013 59100 Roubaix \u2013 France<\/p><h2 class=\"wp-block-heading\">Propri\u00e9t\u00e9 intellectuelle<\/h2><p>Le site et son contenu font l\u2019objet d\u2019une protection l\u00e9gale au titre de la propri\u00e9t\u00e9 intellectuelle, artistique et industrielle.<\/p><p>Toute repr\u00e9sentation ou reproduction du site ou d\u2019un de ses \u00e9l\u00e9ments, par quelque proc\u00e9d\u00e9 que ce soit, est interdite en l\u2019absence de toute accord \u00e9crit \u00e9manant du repr\u00e9sentant l\u00e9gal de la soci\u00e9t\u00e9 Occi Levage.<\/p><p>Sont notamment vis\u00e9s les \u00e9l\u00e9ments prot\u00e9g\u00e9s par les articles L311-1 et suivants du Code de la propri\u00e9t\u00e9 intellectuelle, concernant la protection juridique des bases de donn\u00e9es. Le non-respect peut engager la responsabilit\u00e9 civile ou p\u00e9nale du contrevenant.<\/p><h2 class=\"wp-block-heading\">Description des services fournis<\/h2><p>Le site&nbsp;<a href=\"http:\/\/www.occi-levage.com\/\">www.occi-levage.com<\/a>&nbsp;a pour objet de proposer des produits et machines de location, destin\u00e9s essentiellement mais non exclusivement aux m\u00e9tiers du b\u00e2timent.<\/p><p>Le propri\u00e9taire du site s\u2019efforce de fournir sur le site www.occi-levage.com des informations aussi pr\u00e9cises que possible. Toutefois, il ne pourra \u00eatre tenu responsable des omissions, des inexactitudes et des carences dans la mise \u00e0 jour, qu\u2019elles soient de son fait ou du fait des tiers partenaires qui lui fournissent ces informations.<\/p><p>Toutes les informations propos\u00e9es sur le site&nbsp;<a href=\"http:\/\/www.occi-levage.com\/\">www.occi-levage.com<\/a>&nbsp;sont donn\u00e9es \u00e0 titre indicatif, non exhaustif, et sont susceptibles d\u2019\u00e9voluer. Elles sont donn\u00e9es sous r\u00e9serve de modifications ayant \u00e9t\u00e9 apport\u00e9es depuis leur mise en ligne.<\/p><h2 class=\"wp-block-heading\">Protection des personnes \u2013 gestion des donn\u00e9es personnelles<\/h2><p>Le propri\u00e9taire du site ne collecte des informations personnelles relatives \u00e0 l\u2019utilisateur que pour le besoin de certains services propos\u00e9s par le site&nbsp;<a href=\"http:\/\/www.occi-levage.com\/\">www.occi-levage.com<\/a>. L\u2019utilisateur fournit ces informations en toute connaissance de cause, notamment lorsqu\u2019il proc\u00e8de par lui-m\u00eame \u00e0 leur saisie lors d\u2019une prise de contact par formulaire, une demande de devis, une candidature spontan\u00e9e ou une r\u00e9ponse \u00e0 une offre d\u2019emploi.<\/p><p>Conform\u00e9ment aux textes en vigueur applicables, tout utilisateur dispose d\u2019un droit d\u2019acc\u00e8s, de rectification, de suppression et d\u2019opposition aux donn\u00e9es personnelles le concernant. Pour l\u2019exercer, adressez votre demande \u00e0&nbsp;<a href=\"http:\/\/www.occi-levage.com\/\">www.occi-levage.com<\/a>&nbsp;par email \u00e0 contact@www.occi-levage.com ou en effectuant une demande \u00e9crite et sign\u00e9e, accompagn\u00e9e d\u2019une copie du titre d\u2019identit\u00e9 avec signature du titulaire de la pi\u00e8ce, en pr\u00e9cisant l\u2019adresse \u00e0 laquelle la r\u00e9ponse doit \u00eatre envoy\u00e9e.<\/p><p>Aucune information personnelle de l\u2019utilisateur du site&nbsp;<a href=\"http:\/\/www.occi-levage.com\/\">www.occi-levage.com<\/a>&nbsp;n\u2019est publi\u00e9e \u00e0 l\u2019insu de l\u2019utilisateur, \u00e9chang\u00e9e, transf\u00e9r\u00e9e, c\u00e9d\u00e9e ou vendue sur un support quelconque \u00e0 des tiers.<\/p><p>Seule l\u2019hypoth\u00e8se du rachat du site&nbsp;<a href=\"http:\/\/www.occi-levage.com\/\">www.occi-levage.com<\/a>&nbsp;\u00e0 un nouveau propri\u00e9taire et de ses droits permettrait la transmission des dites informations \u00e0 l\u2019\u00e9ventuel acqu\u00e9reur qui serait \u00e0 son tour tenu de la m\u00eame obligation de conservation et de modification des donn\u00e9es vis \u00e0 vis de l\u2019utilisateur du site.<\/p><h2 class=\"wp-block-heading\">Droit applicable et attribution de juridiction<\/h2><p>Tout litige en relation avec l\u2019utilisation du site&nbsp;<a href=\"http:\/\/www.occi-levage.com\/\">www.occi-levage.com<\/a>&nbsp;est soumis au droit fran\u00e7ais. Il est fait attribution exclusive de juridiction aux tribunaux comp\u00e9tents de Perpignan.<\/p><h2 class=\"wp-block-heading\">Textes de loi applicables<\/h2><p>En France, les donn\u00e9es personnelles sont notamment prot\u00e9g\u00e9es par les codes et textes de loi suivants&nbsp;:<\/p><ul class=\"wp-block-list\"><li>Loi n\u00b0 78-17 du 6 janvier 1978, notamment modifi\u00e9e par la loi n\u00b0 2004-801 du 6 ao\u00fbt 2004 relative \u00e0 l\u2019informatique, aux fichiers et aux libert\u00e9s.<\/li><li>l\u2019article L. 226-13 du Code p\u00e9nal et la Directive Europ\u00e9enne du 24 octobre 1995<\/li><li>Loi n\u00b0 2004-575 du 21 juin 2004 pour la confiance dans l\u2019\u00e9conomie num\u00e9rique.<\/li><li>le R\u00e8glement G\u00e9n\u00e9ral sur la Protection des Donn\u00e9es personnelles (RGPD) du 14 avril 2016 (n\u00b0 2016\/679).<\/li><\/ul>","protected":false},"excerpt":{"rendered":"<p>\u00c9diteur Raison sociale\u00a0: OCCI LEVAGESARL au capital social de 10.000 \u20acSiret\u00a0: 91323973700012RCS\u00a0: Perpignan B 913\u00a0239\u00a0737Num\u00e9ro de TVA intracommunautaire\u00a0: FR07913239737Si\u00e8ge social : 10 rue du Bouleau \u2013 66380 PIAActivit\u00e9 (code NAF ou APE)\u00a0: Location et location-bail d\u2019autres machines, \u00e9quipements et biens mat\u00e9riels n.c.a. (7739Z)Repr\u00e9sentant l\u00e9gal \u2013 responsable de la publication\u00a0: S\u00e9verine Payaud, g\u00e9rante de la SARL&hellip;&nbsp;<a href=\"https:\/\/occi-levage.com\/?page_id=298\" class=\"\" rel=\"bookmark\">Lire la suite &raquo;<span class=\"screen-reader-text\">Mentions l\u00e9gales<\/span><\/a><\/p>\n","protected":false},"author":1,"featured_media":0,"parent":0,"menu_order":0,"comment_status":"closed","ping_status":"closed","template":"","meta":{"neve_meta_sidebar":"","neve_meta_container":"","neve_meta_enable_content_width":"","neve_meta_content_width":0,"neve_meta_title_alignment":"","neve_meta_author_avatar":"","neve_post_elements_order":"","neve_meta_disable_header":"","neve_meta_disable_footer":"","neve_meta_disable_title":"","_themeisle_gutenberg_block_has_review":false,"footnotes":""},"class_list":["post-298","page","type-page","status-publish","hentry"],"yoast_head":"<!-- This site is optimized with the Yoast SEO plugin v24.7 - https:\/\/yoast.com\/wordpress\/plugins\/seo\/ -->\n<title>Mentions l\u00e9gales - Occi Levage<\/title>\n<meta name=\"robots\" content=\"index, follow, max-snippet:-1, max-image-preview:large, max-video-preview:-1\" \/>\n<link rel=\"canonical\" href=\"https:\/\/occi-levage.com\/?page_id=298\" \/>\n<meta property=\"og:locale\" content=\"fr_FR\" \/>\n<meta property=\"og:type\" content=\"article\" \/>\n<meta property=\"og:title\" content=\"Mentions l\u00e9gales - Occi Levage\" \/>\n<meta property=\"og:description\" content=\"\u00c9diteur Raison sociale\u00a0: OCCI LEVAGESARL au capital social de 10.000 \u20acSiret\u00a0: 91323973700012RCS\u00a0: Perpignan B 913\u00a0239\u00a0737Num\u00e9ro de TVA intracommunautaire\u00a0: FR07913239737Si\u00e8ge social : 10 rue du Bouleau \u2013 66380 PIAActivit\u00e9 (code NAF ou APE)\u00a0: Location et location-bail d\u2019autres machines, \u00e9quipements et biens mat\u00e9riels n.c.a. (7739Z)Repr\u00e9sentant l\u00e9gal \u2013 responsable de la publication\u00a0: S\u00e9verine Payaud, g\u00e9rante de la SARL&hellip;&nbsp;Lire la suite &raquo;Mentions l\u00e9gales\" \/>\n<meta property=\"og:url\" content=\"https:\/\/occi-levage.com\/?page_id=298\" \/>\n<meta property=\"og:site_name\" content=\"Occi Levage\" \/>\n<meta property=\"article:modified_time\" content=\"2022-07-01T11:22:22+00:00\" \/>\n<meta name=\"twitter:card\" content=\"summary_large_image\" \/>\n<meta name=\"twitter:label1\" content=\"Dur\u00e9e de lecture estim\u00e9e\" \/>\n\t<meta name=\"twitter:data1\" content=\"4 minutes\" \/>\n<script type=\"application\/ld+json\" class=\"yoast-schema-graph\">{\"@context\":\"https:\/\/schema.org\",\"@graph\":[{\"@type\":\"WebPage\",\"@id\":\"https:\/\/occi-levage.com\/?page_id=298\",\"url\":\"https:\/\/occi-levage.com\/?page_id=298\",\"name\":\"Mentions l\u00e9gales - Occi Levage\",\"isPartOf\":{\"@id\":\"https:\/\/occi-levage.com\/#website\"},\"datePublished\":\"2022-07-01T11:12:43+00:00\",\"dateModified\":\"2022-07-01T11:22:22+00:00\",\"breadcrumb\":{\"@id\":\"https:\/\/occi-levage.com\/?page_id=298#breadcrumb\"},\"inLanguage\":\"fr-FR\",\"potentialAction\":[{\"@type\":\"ReadAction\",\"target\":[\"https:\/\/occi-levage.com\/?page_id=298\"]}]},{\"@type\":\"BreadcrumbList\",\"@id\":\"https:\/\/occi-levage.com\/?page_id=298#breadcrumb\",\"itemListElement\":[{\"@type\":\"ListItem\",\"position\":1,\"name\":\"Accueil\",\"item\":\"https:\/\/occi-levage.com\/\"},{\"@type\":\"ListItem\",\"position\":2,\"name\":\"Mentions l\u00e9gales\"}]},{\"@type\":\"WebSite\",\"@id\":\"https:\/\/occi-levage.com\/#website\",\"url\":\"https:\/\/occi-levage.com\/\",\"name\":\"Occi Levage\",\"description\":\"Just another WordPress site\",\"publisher\":{\"@id\":\"https:\/\/occi-levage.com\/#organization\"},\"potentialAction\":[{\"@type\":\"SearchAction\",\"target\":{\"@type\":\"EntryPoint\",\"urlTemplate\":\"https:\/\/occi-levage.com\/?s={search_term_string}\"},\"query-input\":{\"@type\":\"PropertyValueSpecification\",\"valueRequired\":true,\"valueName\":\"search_term_string\"}}],\"inLanguage\":\"fr-FR\"},{\"@type\":\"Organization\",\"@id\":\"https:\/\/occi-levage.com\/#organization\",\"name\":\"Occi Levage\",\"url\":\"https:\/\/occi-levage.com\/\",\"logo\":{\"@type\":\"ImageObject\",\"inLanguage\":\"fr-FR\",\"@id\":\"https:\/\/occi-levage.com\/#\/schema\/logo\/image\/\",\"url\":\"https:\/\/occi-levage.com\/wp-content\/uploads\/2022\/06\/cropped-Fichier-10.png\",\"contentUrl\":\"https:\/\/occi-levage.com\/wp-content\/uploads\/2022\/06\/cropped-Fichier-10.png\",\"width\":413,\"height\":318,\"caption\":\"Occi Levage\"},\"image\":{\"@id\":\"https:\/\/occi-levage.com\/#\/schema\/logo\/image\/\"}}]}<\/script>\n<!-- \/ Yoast SEO plugin. -->","yoast_head_json":{"title":"Mentions l\u00e9gales - Occi Levage","robots":{"index":"index","follow":"follow","max-snippet":"max-snippet:-1","max-image-preview":"max-image-preview:large","max-video-preview":"max-video-preview:-1"},"canonical":"https:\/\/occi-levage.com\/?page_id=298","og_locale":"fr_FR","og_type":"article","og_title":"Mentions l\u00e9gales - Occi Levage","og_description":"\u00c9diteur Raison sociale\u00a0: OCCI LEVAGESARL au capital social de 10.000 \u20acSiret\u00a0: 91323973700012RCS\u00a0: Perpignan B 913\u00a0239\u00a0737Num\u00e9ro de TVA intracommunautaire\u00a0: FR07913239737Si\u00e8ge social : 10 rue du Bouleau \u2013 66380 PIAActivit\u00e9 (code NAF ou APE)\u00a0: Location et location-bail d\u2019autres machines, \u00e9quipements et biens mat\u00e9riels n.c.a. (7739Z)Repr\u00e9sentant l\u00e9gal \u2013 responsable de la publication\u00a0: S\u00e9verine Payaud, g\u00e9rante de la SARL&hellip;&nbsp;Lire la suite &raquo;Mentions l\u00e9gales","og_url":"https:\/\/occi-levage.com\/?page_id=298","og_site_name":"Occi Levage","article_modified_time":"2022-07-01T11:22:22+00:00","twitter_card":"summary_large_image","twitter_misc":{"Dur\u00e9e de lecture estim\u00e9e":"4 minutes"},"schema":{"@context":"https:\/\/schema.org","@graph":[{"@type":"WebPage","@id":"https:\/\/occi-levage.com\/?page_id=298","url":"https:\/\/occi-levage.com\/?page_id=298","name":"Mentions l\u00e9gales - Occi Levage","isPartOf":{"@id":"https:\/\/occi-levage.com\/#website"},"datePublished":"2022-07-01T11:12:43+00:00","dateModified":"2022-07-01T11:22:22+00:00","breadcrumb":{"@id":"https:\/\/occi-levage.com\/?page_id=298#breadcrumb"},"inLanguage":"fr-FR","potentialAction":[{"@type":"ReadAction","target":["https:\/\/occi-levage.com\/?page_id=298"]}]},{"@type":"BreadcrumbList","@id":"https:\/\/occi-levage.com\/?page_id=298#breadcrumb","itemListElement":[{"@type":"ListItem","position":1,"name":"Accueil","item":"https:\/\/occi-levage.com\/"},{"@type":"ListItem","position":2,"name":"Mentions l\u00e9gales"}]},{"@type":"WebSite","@id":"https:\/\/occi-levage.com\/#website","url":"https:\/\/occi-levage.com\/","name":"Occi Levage","description":"Just another WordPress site","publisher":{"@id":"https:\/\/occi-levage.com\/#organization"},"potentialAction":[{"@type":"SearchAction","target":{"@type":"EntryPoint","urlTemplate":"https:\/\/occi-levage.com\/?s={search_term_string}"},"query-input":{"@type":"PropertyValueSpecification","valueRequired":true,"valueName":"search_term_string"}}],"inLanguage":"fr-FR"},{"@type":"Organization","@id":"https:\/\/occi-levage.com\/#organization","name":"Occi Levage","url":"https:\/\/occi-levage.com\/","logo":{"@type":"ImageObject","inLanguage":"fr-FR","@id":"https:\/\/occi-levage.com\/#\/schema\/logo\/image\/","url":"https:\/\/occi-levage.com\/wp-content\/uploads\/2022\/06\/cropped-Fichier-10.png","contentUrl":"https:\/\/occi-levage.com\/wp-content\/uploads\/2022\/06\/cropped-Fichier-10.png","width":413,"height":318,"caption":"Occi Levage"},"image":{"@id":"https:\/\/occi-levage.com\/#\/schema\/logo\/image\/"}}]}},"_links":{"self":[{"href":"https:\/\/occi-levage.com\/index.php?rest_route=\/wp\/v2\/pages\/298","targetHints":{"allow":["GET"]}}],"collection":[{"href":"https:\/\/occi-levage.com\/index.php?rest_route=\/wp\/v2\/pages"}],"about":[{"href":"https:\/\/occi-levage.com\/index.php?rest_route=\/wp\/v2\/types\/page"}],"author":[{"embeddable":true,"href":"https:\/\/occi-levage.com\/index.php?rest_route=\/wp\/v2\/users\/1"}],"replies":[{"embeddable":true,"href":"https:\/\/occi-levage.com\/index.php?rest_route=%2Fwp%2Fv2%2Fcomments&post=298"}],"version-history":[{"count":3,"href":"https:\/\/occi-levage.com\/index.php?rest_route=\/wp\/v2\/pages\/298\/revisions"}],"predecessor-version":[{"id":302,"href":"https:\/\/occi-levage.com\/index.php?rest_route=\/wp\/v2\/pages\/298\/revisions\/302"}],"wp:attachment":[{"href":"https:\/\/occi-levage.com\/index.php?rest_route=%2Fwp%2Fv2%2Fmedia&parent=298"}],"curies":[{"name":"wp","href":"https:\/\/api.w.org\/{rel}","templated":true}]}}