{"id":103,"date":"2022-06-20T17:41:00","date_gmt":"2022-06-20T17:41:00","guid":{"rendered":"https:\/\/occi-levage.com\/?page_id=103"},"modified":"2022-06-21T10:46:48","modified_gmt":"2022-06-21T10:46:48","slug":"about","status":"publish","type":"page","link":"https:\/\/occi-levage.com\/?page_id=103","title":{"rendered":"Notre Histoire"},"content":{"rendered":"<div id=\"wp-block-themeisle-blocks-advanced-columns-376eb3a4\" class=\"wp-block-themeisle-blocks-advanced-columns alignfull has-1-columns has-desktop-equal-layout has-tablet-equal-layout has-mobile-equal-layout has-vertical-unset ticss-685a089b\"><div class=\"wp-block-themeisle-blocks-advanced-columns-overlay\"><\/div><div class=\"innerblocks-wrap\"><div id=\"wp-block-themeisle-blocks-advanced-column-2e01688c\" class=\"wp-block-themeisle-blocks-advanced-column animated fadeIn\"><p><\/p>\n\n<p><\/p>\n\n<h2 class=\"has-text-align-center has-white-color has-text-color wp-block-heading\" style=\"font-size:60px\"><strong>NOTRE HISTOIRE<\/strong><\/h2><\/div><\/div><\/div><div id=\"wp-block-themeisle-blocks-advanced-columns-382fd8da\" class=\"wp-block-themeisle-blocks-advanced-columns alignfull has-1-columns has-desktop-equal-layout has-tablet-equal-layout has-mobile-equal-layout has-vertical-unset\"><div class=\"wp-block-themeisle-blocks-advanced-columns-overlay\"><\/div><div class=\"innerblocks-wrap\"><div id=\"wp-block-themeisle-blocks-advanced-column-31e290bb\" class=\"wp-block-themeisle-blocks-advanced-column\"><h2 id=\"wp-block-themeisle-blocks-advanced-heading-3138538c\" class=\"wp-block-themeisle-blocks-advanced-heading wp-block-themeisle-blocks-advanced-heading-3138538c\"><strong>Votre sp\u00e9cialiste en mini-grues araign\u00e9es<\/strong><\/h2>\n\n<div id=\"wp-block-themeisle-blocks-advanced-heading-596b5ee5\" class=\"wp-block-themeisle-blocks-advanced-heading wp-block-themeisle-blocks-advanced-heading-596b5ee5\"><em><em>Apr\u00e8s avoir \u0153uvr\u00e9 pendant 10 ans et avoir gravie les \u00e9chelons pour arriver au poste de Directrice G\u00e9n\u00e9rale dans le domaine de la location de mat\u00e9riels de levage, S\u00e9verine PAYAUD, a d\u00e9cid\u00e9 de prendre son envol et de fonder OCCI LEVAGE. Afin de r\u00e9pondre aux besoins sp\u00e9cifiques des clients, OCCI LEVAGE s\u2019est donc sp\u00e9cialis\u00e9 dans les mini-grues, les palonniers \u00e0 ventouses pour le verre et les panneaux de bardage et de couverture et des chariots de pose de verres. &nbsp;En effet, les mini-grues r\u00e9pondent \u00e0 des applications pour lesquelles les grues conventionnelles ne conviennent pas en raison de leur encombrement ou de leur poids.<\/em><\/em><br><br>Aujourd\u2019hui nous sommes engag\u00e9s \u00e0 vous offrir un service de qualit\u00e9. Notre \u00e9quipe se d\u00e9place sur vos sites afin de vous pr\u00e9coniser les engins n\u00e9cessaires \u00e0 vos interventions. Que vous ayez besoin d\u2019une machine, d\u2019une machine avec un op\u00e9rateur, d\u2019une formation prise en main\u2026, quels que soient vos besoins, nous sommes d\u00e9termin\u00e9s \u00e0 vous trouver une solution.<br><br><\/div><\/div><\/div><\/div>","protected":false},"excerpt":{"rendered":"","protected":false},"author":1,"featured_media":0,"parent":0,"menu_order":0,"comment_status":"closed","ping_status":"closed","template":"","meta":{"neve_meta_sidebar":"","neve_meta_container":"","neve_meta_enable_content_width":"","neve_meta_content_width":0,"neve_meta_title_alignment":"left","neve_meta_author_avatar":"","neve_post_elements_order":"","neve_meta_disable_header":"","neve_meta_disable_footer":"","neve_meta_disable_title":"on","_themeisle_gutenberg_block_has_review":false,"footnotes":""},"class_list":["post-103","page","type-page","status-publish","hentry"],"yoast_head":"<!-- This site is optimized with the Yoast SEO plugin v24.7 - https:\/\/yoast.com\/wordpress\/plugins\/seo\/ -->\n<title>Notre Histoire - Occi Levage<\/title>\n<meta name=\"robots\" content=\"index, follow, max-snippet:-1, max-image-preview:large, max-video-preview:-1\" \/>\n<link rel=\"canonical\" href=\"https:\/\/occi-levage.com\/?page_id=103\" \/>\n<meta property=\"og:locale\" content=\"fr_FR\" \/>\n<meta property=\"og:type\" content=\"article\" \/>\n<meta property=\"og:title\" content=\"Notre Histoire - Occi Levage\" \/>\n<meta property=\"og:url\" content=\"https:\/\/occi-levage.com\/?page_id=103\" \/>\n<meta property=\"og:site_name\" content=\"Occi Levage\" \/>\n<meta property=\"article:modified_time\" content=\"2022-06-21T10:46:48+00:00\" \/>\n<meta name=\"twitter:card\" content=\"summary_large_image\" \/>\n<meta name=\"twitter:label1\" content=\"Dur\u00e9e de lecture estim\u00e9e\" \/>\n\t<meta name=\"twitter:data1\" content=\"1 minute\" \/>\n<script type=\"application\/ld+json\" class=\"yoast-schema-graph\">{\"@context\":\"https:\/\/schema.org\",\"@graph\":[{\"@type\":\"WebPage\",\"@id\":\"https:\/\/occi-levage.com\/?page_id=103\",\"url\":\"https:\/\/occi-levage.com\/?page_id=103\",\"name\":\"Notre Histoire - Occi Levage\",\"isPartOf\":{\"@id\":\"https:\/\/occi-levage.com\/#website\"},\"datePublished\":\"2022-06-20T17:41:00+00:00\",\"dateModified\":\"2022-06-21T10:46:48+00:00\",\"breadcrumb\":{\"@id\":\"https:\/\/occi-levage.com\/?page_id=103#breadcrumb\"},\"inLanguage\":\"fr-FR\",\"potentialAction\":[{\"@type\":\"ReadAction\",\"target\":[\"https:\/\/occi-levage.com\/?page_id=103\"]}]},{\"@type\":\"BreadcrumbList\",\"@id\":\"https:\/\/occi-levage.com\/?page_id=103#breadcrumb\",\"itemListElement\":[{\"@type\":\"ListItem\",\"position\":1,\"name\":\"Accueil\",\"item\":\"https:\/\/occi-levage.com\/\"},{\"@type\":\"ListItem\",\"position\":2,\"name\":\"Notre Histoire\"}]},{\"@type\":\"WebSite\",\"@id\":\"https:\/\/occi-levage.com\/#website\",\"url\":\"https:\/\/occi-levage.com\/\",\"name\":\"Occi Levage\",\"description\":\"Just another WordPress site\",\"publisher\":{\"@id\":\"https:\/\/occi-levage.com\/#organization\"},\"potentialAction\":[{\"@type\":\"SearchAction\",\"target\":{\"@type\":\"EntryPoint\",\"urlTemplate\":\"https:\/\/occi-levage.com\/?s={search_term_string}\"},\"query-input\":{\"@type\":\"PropertyValueSpecification\",\"valueRequired\":true,\"valueName\":\"search_term_string\"}}],\"inLanguage\":\"fr-FR\"},{\"@type\":\"Organization\",\"@id\":\"https:\/\/occi-levage.com\/#organization\",\"name\":\"Occi Levage\",\"url\":\"https:\/\/occi-levage.com\/\",\"logo\":{\"@type\":\"ImageObject\",\"inLanguage\":\"fr-FR\",\"@id\":\"https:\/\/occi-levage.com\/#\/schema\/logo\/image\/\",\"url\":\"https:\/\/occi-levage.com\/wp-content\/uploads\/2022\/06\/cropped-Fichier-10.png\",\"contentUrl\":\"https:\/\/occi-levage.com\/wp-content\/uploads\/2022\/06\/cropped-Fichier-10.png\",\"width\":413,\"height\":318,\"caption\":\"Occi Levage\"},\"image\":{\"@id\":\"https:\/\/occi-levage.com\/#\/schema\/logo\/image\/\"}}]}<\/script>\n<!-- \/ Yoast SEO plugin. -->","yoast_head_json":{"title":"Notre Histoire - Occi Levage","robots":{"index":"index","follow":"follow","max-snippet":"max-snippet:-1","max-image-preview":"max-image-preview:large","max-video-preview":"max-video-preview:-1"},"canonical":"https:\/\/occi-levage.com\/?page_id=103","og_locale":"fr_FR","og_type":"article","og_title":"Notre Histoire - Occi Levage","og_url":"https:\/\/occi-levage.com\/?page_id=103","og_site_name":"Occi Levage","article_modified_time":"2022-06-21T10:46:48+00:00","twitter_card":"summary_large_image","twitter_misc":{"Dur\u00e9e de lecture estim\u00e9e":"1 minute"},"schema":{"@context":"https:\/\/schema.org","@graph":[{"@type":"WebPage","@id":"https:\/\/occi-levage.com\/?page_id=103","url":"https:\/\/occi-levage.com\/?page_id=103","name":"Notre Histoire - Occi Levage","isPartOf":{"@id":"https:\/\/occi-levage.com\/#website"},"datePublished":"2022-06-20T17:41:00+00:00","dateModified":"2022-06-21T10:46:48+00:00","breadcrumb":{"@id":"https:\/\/occi-levage.com\/?page_id=103#breadcrumb"},"inLanguage":"fr-FR","potentialAction":[{"@type":"ReadAction","target":["https:\/\/occi-levage.com\/?page_id=103"]}]},{"@type":"BreadcrumbList","@id":"https:\/\/occi-levage.com\/?page_id=103#breadcrumb","itemListElement":[{"@type":"ListItem","position":1,"name":"Accueil","item":"https:\/\/occi-levage.com\/"},{"@type":"ListItem","position":2,"name":"Notre Histoire"}]},{"@type":"WebSite","@id":"https:\/\/occi-levage.com\/#website","url":"https:\/\/occi-levage.com\/","name":"Occi Levage","description":"Just another WordPress site","publisher":{"@id":"https:\/\/occi-levage.com\/#organization"},"potentialAction":[{"@type":"SearchAction","target":{"@type":"EntryPoint","urlTemplate":"https:\/\/occi-levage.com\/?s={search_term_string}"},"query-input":{"@type":"PropertyValueSpecification","valueRequired":true,"valueName":"search_term_string"}}],"inLanguage":"fr-FR"},{"@type":"Organization","@id":"https:\/\/occi-levage.com\/#organization","name":"Occi Levage","url":"https:\/\/occi-levage.com\/","logo":{"@type":"ImageObject","inLanguage":"fr-FR","@id":"https:\/\/occi-levage.com\/#\/schema\/logo\/image\/","url":"https:\/\/occi-levage.com\/wp-content\/uploads\/2022\/06\/cropped-Fichier-10.png","contentUrl":"https:\/\/occi-levage.com\/wp-content\/uploads\/2022\/06\/cropped-Fichier-10.png","width":413,"height":318,"caption":"Occi Levage"},"image":{"@id":"https:\/\/occi-levage.com\/#\/schema\/logo\/image\/"}}]}},"_links":{"self":[{"href":"https:\/\/occi-levage.com\/index.php?rest_route=\/wp\/v2\/pages\/103","targetHints":{"allow":["GET"]}}],"collection":[{"href":"https:\/\/occi-levage.com\/index.php?rest_route=\/wp\/v2\/pages"}],"about":[{"href":"https:\/\/occi-levage.com\/index.php?rest_route=\/wp\/v2\/types\/page"}],"author":[{"embeddable":true,"href":"https:\/\/occi-levage.com\/index.php?rest_route=\/wp\/v2\/users\/1"}],"replies":[{"embeddable":true,"href":"https:\/\/occi-levage.com\/index.php?rest_route=%2Fwp%2Fv2%2Fcomments&post=103"}],"version-history":[{"count":8,"href":"https:\/\/occi-levage.com\/index.php?rest_route=\/wp\/v2\/pages\/103\/revisions"}],"predecessor-version":[{"id":167,"href":"https:\/\/occi-levage.com\/index.php?rest_route=\/wp\/v2\/pages\/103\/revisions\/167"}],"wp:attachment":[{"href":"https:\/\/occi-levage.com\/index.php?rest_route=%2Fwp%2Fv2%2Fmedia&parent=103"}],"curies":[{"name":"wp","href":"https:\/\/api.w.org\/{rel}","templated":true}]}}