{"id":102,"date":"2022-06-20T17:40:47","date_gmt":"2022-06-20T17:40:47","guid":{"rendered":"https:\/\/occi-levage.com\/?page_id=102"},"modified":"2024-03-21T16:47:52","modified_gmt":"2024-03-21T16:47:52","slug":"home","status":"publish","type":"page","link":"https:\/\/occi-levage.com\/","title":{"rendered":"Home"},"content":{"rendered":"<div id=\"wp-block-themeisle-blocks-advanced-columns-2e16e929\" class=\"wp-block-themeisle-blocks-advanced-columns alignfull has-1-columns has-desktop-equal-layout has-tablet-equal-layout has-mobile-equal-layout has-vertical-center\"><div class=\"wp-block-themeisle-blocks-advanced-columns-overlay\"><\/div><div class=\"innerblocks-wrap\"><div id=\"wp-block-themeisle-blocks-advanced-column-630e65ce\" class=\"wp-block-themeisle-blocks-advanced-column\"><p class=\"has-text-align-center has-nv-text-dark-bg-color has-text-color\" id=\"h1lookalike\">Votre Sp\u00e9cialiste en Mini-grues<br>et Palonniers<\/p>\n\n<div class=\"wp-block-columns is-layout-flex wp-container-core-columns-is-layout-9d6595d7 wp-block-columns-is-layout-flex\"><div class=\"wp-block-column is-layout-flow wp-block-column-is-layout-flow\" style=\"flex-basis:100%\"><div class=\"wp-block-columns is-layout-flex wp-container-core-columns-is-layout-9d6595d7 wp-block-columns-is-layout-flex\"><div class=\"wp-block-column is-layout-flow wp-block-column-is-layout-flow\"><\/div>\n\n<div class=\"wp-block-column is-layout-flow wp-block-column-is-layout-flow\"><figure class=\"wp-block-image size-full\"><img loading=\"lazy\" decoding=\"async\" width=\"413\" height=\"318\" src=\"https:\/\/occi-levage.com\/wp-content\/uploads\/2022\/06\/cropped-Fichier-10.png\" alt=\"\" class=\"wp-image-18\" srcset=\"https:\/\/occi-levage.com\/wp-content\/uploads\/2022\/06\/cropped-Fichier-10.png 413w, https:\/\/occi-levage.com\/wp-content\/uploads\/2022\/06\/cropped-Fichier-10-300x231.png 300w\" sizes=\"auto, (max-width: 413px) 100vw, 413px\" \/><\/figure><\/div>\n\n<div class=\"wp-block-column is-layout-flow wp-block-column-is-layout-flow\"><\/div><\/div><\/div><\/div>\n\n<div class=\"wp-block-buttons is-horizontal is-content-justification-center is-layout-flex wp-container-core-buttons-is-layout-499968f5 wp-block-buttons-is-layout-flex\"><div class=\"wp-block-button is-style-primary\"><a class=\"wp-block-button__link wp-element-button\" href=\"\/?post_type=product\">VOIR NOS PRODUITS<\/a><\/div>\n\n<div class=\"wp-block-button is-style-primary\"><a class=\"wp-block-button__link wp-element-button\" href=\"\/?page_id=104\">DEMANDER UN DEVIS<\/a><\/div><\/div>\n\n<div style=\"height:101px\" aria-hidden=\"true\" class=\"wp-block-spacer\"><\/div><\/div><\/div><\/div><div style=\"height:59px\" aria-hidden=\"true\" class=\"wp-block-spacer\"><\/div><h1 class=\"wp-block-heading has-text-align-center ticss-bdb2c705 has-neve-link-color-color has-text-color\">Location de grue, palonnier, nacelle \u00e9l\u00e9vatrice en Nouvelle-Aquitaine, Occitanie et partout en France<\/h1><hr class=\"wp-block-separator aligncenter has-text-color has-neve-link-color-color has-alpha-channel-opacity has-neve-link-color-background-color has-background ticss-fd691fe4\"\/><p class=\"has-text-align-center\">Vous souhaitez proc\u00e9der \u00e0 la location d\u2019une <a href=\"https:\/\/occi-levage.com\/?product_cat=mini-grues\">mini-grue<\/a>, un <a href=\"https:\/\/occi-levage.com\/?product_cat=palonniers\">palonnier,<\/a> d&rsquo;un <a href=\"https:\/\/occi-levage.com\/?product_cat=robots-a-ventouses\">robot \u00e0 ventouse<\/a>, d&rsquo;un chariot robot ou d&rsquo;une nacelle \u00e9l\u00e9vatrice pour votre chantier \u00e0 B\u00e9ziers, Bordeaux, Perpignan ou ailleurs en France ? Occi Levage, votre soci\u00e9t\u00e9 sp\u00e9cialiste dans la fourniture d\u2019\u00e9quipements de chantier, met \u00e0 votre disposition son mat\u00e9riel et son savoir-faire.\u00a0\u00a0<a id=\"_msocom_1\"><\/a><\/p><h2 class=\"wp-block-heading has-text-align-center ticss-03a03764 has-neve-text-color-color has-text-color\" style=\"font-size:30px\"><strong>Pourquoi nous choisir pour la location d\u2019une grue, d\u2019une nacelle \u00e9l\u00e9vatrice et d\u2019autres \u00e9quipements de chantier ?<\/strong><\/h2><p class=\"has-text-align-center\">Trouver un \u00e9quipement de qualit\u00e9 pour ses travaux et chantiers est quelque chose d\u2019important, il en va de la s\u00e9curit\u00e9 de l\u2019ouvrier. C\u2019est pourquoi lorsque vous souhaitez r\u00e9server un \u00e9quipement chez nous, Occi Levage s\u2019engage \u00e0 vous fournir le meilleur mat\u00e9riel disponible sur le march\u00e9.<\/p><p class=\"has-text-align-center\">Notre entreprise, install\u00e9e pr\u00e8s de Perpignan en Occitanie, propose la location de plusieurs machines telles qu\u2019une grue, un chariot robot ou encore des palonniers pour vos chantiers que ce soit \u00e0 Narbonne, Montpellier ou ailleurs en France.<\/p><p class=\"has-text-align-center\">Afin de r\u00e9pondre aux attentes de notre client\u00e8le pour une location de grue ou de nacelle \u00e9l\u00e9vatrice, nous vous livrons aussi bien \u00e0 proximit\u00e9 de nos locaux en Occitanie qu&rsquo;en Nouvelle-Aquitaine et en r\u00e9gion PACA, Auvergne-Rh\u00f4ne-Alpes, mais \u00e9galement dans toute la France.<\/p><p class=\"has-text-align-center\">Le service de location d\u2019engins n\u2019est pas la seule prestation que nous proposons. Nous vous proposons \u00e9galement la location avec op\u00e9rateur. Bien plus qu\u2019un simple chauffeur, nos op\u00e9rateurs sont form\u00e9s, qualifi\u00e9s et sp\u00e9cialis\u00e9s dans l\u2019aide \u00e0 la pose de vitrages. Vous pouvez donc opter pour le package complet, mat\u00e9riel + op\u00e9rateur pour un travail de qualit\u00e9 en toute s\u00e9curit\u00e9.<\/p><p class=\"has-text-align-center\">Ainsi, n\u2019h\u00e9sitez pas \u00e0 nous contacter pour profiter de nos \u00e9quipements et des comp\u00e9tences de notre \u00e9quipe.<\/p><div class=\"wp-block-image\"><figure class=\"aligncenter size-full\"><img loading=\"lazy\" decoding=\"async\" width=\"498\" height=\"312\" src=\"https:\/\/occi-levage.com\/wp-content\/uploads\/2024\/03\/Image1ol.jpg\" alt=\"\" class=\"wp-image-435\" style=\"aspect-ratio:16\/9;object-fit:cover\" srcset=\"https:\/\/occi-levage.com\/wp-content\/uploads\/2024\/03\/Image1ol.jpg 498w, https:\/\/occi-levage.com\/wp-content\/uploads\/2024\/03\/Image1ol-300x188.jpg 300w\" sizes=\"auto, (max-width: 498px) 100vw, 498px\" \/><\/figure><\/div><h2 class=\"wp-block-heading has-text-align-center ticss-56f69e13 has-neve-text-color-color has-text-color\" style=\"font-size:30px\">Comment se d\u00e9roule la location d&rsquo;engins chez nous ?<\/h2><p class=\"has-text-align-center\">Il est d\u2019abord possible de retirer le mat\u00e9riel sur place, au sein de notre entreprise \u00e0 Pia (Occitanie). Mais si vous vous trouvez trop loin ou que vous n\u2019avez pas la possibilit\u00e9 de vous d\u00e9placer, nous pouvons livrer le ou les mat\u00e9riel(s) de location \u00e0 Toulouse, Narbonne, Bordeaux, B\u00e9ziers, Lille et dans toutes les autres villes de France comme Paris, Grenoble ou encore Marseille.<\/p><p class=\"has-text-align-center\">Lorsque vous louez nos \u00e9quipements, un contr\u00f4le est effectu\u00e9 avant et apr\u00e8s la prestation afin d\u2019\u00eatre assur\u00e9 de recevoir un article en bon \u00e9tat. Des visites de chantiers sont organis\u00e9es pour v\u00e9rifier que tout se passe bien.<\/p><p class=\"has-text-align-center\">Bien s\u00fbr, tous nos engins sont conduits par des personnes form\u00e9es et qualifi\u00e9es.<\/p><p class=\"has-text-align-center\">Pour en savoir plus sur la location d&rsquo;une grue, d\u2019un palonnier ou d\u2019une nacelle \u00e9l\u00e9vatrice que vous soyez \u00e0 Montpellier, Narbonne ou ailleurs en France, contactez-nous par t\u00e9l\u00e9phone au 06 79 22 04 46, par mail au <a href=\"mailto:contact@occi-levage.com\">contact@occi-levage.com<\/a> ou via notre formulaire<a href=\"https:\/\/occi-levage.com\/?page_id=104\"> de contact<\/a>.<\/p><div id=\"wp-block-themeisle-blocks-advanced-columns-11adf6c7\" class=\"wp-block-themeisle-blocks-advanced-columns has-1-columns has-desktop-equal-layout has-tablet-equal-layout has-mobile-equal-layout has-vertical-unset has-light-bg\"><div class=\"wp-block-themeisle-blocks-advanced-columns-overlay\"><\/div><div class=\"innerblocks-wrap\"><div id=\"wp-block-themeisle-blocks-advanced-column-5c50788b\" class=\"wp-block-themeisle-blocks-advanced-column\"><div class=\"core-menu\">\n<div style=\"flex: 1 1 0px\">\n<div class=\"core-menu-item\" style=\"margin: 30px 15px 30px 15px;display: table;\n    width: 100%;\">\n<div style=\"width=100px;\">\n<img decoding=\"async\" src=\"\/wp-content\/uploads\/2022\/07\/helmet.svg\" style=\"height:60px;margin: 0 auto;display:block;\">\n<\/div>\n<p style=\"font-size:1.1em;display: table-cell;\n    vertical-align: middle;\n    text-align: left;width:80%;\">Visite chantier<\/p>\n<\/div>\n\n<div class=\"core-menu-item\" style=\"margin:30px 15px;display: table;\n    width: 100%;\">\n<div style=\"width=100px;\">\n<img decoding=\"async\" src=\"\/wp-content\/uploads\/2022\/07\/group.svg\" style=\"height:60px;margin: 0 auto;display:block;\">\n<\/div>\n<p style=\"font-size:1.1em;display: table-cell;\n    vertical-align: middle;\n    text-align: left;width:80%;\">Prise en main ou op\u00e9rateur form\u00e9 et qualifi\u00e9.<\/p>\n<\/div>\n\n<div class=\"core-menu-item\" style=\"margin:30px 15px; display: table;\n    width: 100%;\">\n<div style=\"width=100px;\">\n<img decoding=\"async\" src=\"\/wp-content\/uploads\/2022\/07\/building.svg\" style=\"height:60px;margin: 0 auto;display:block;\">\n<\/div>\n<p style=\"font-size:1.1em;display: table-cell;\n    vertical-align: middle;\n    text-align: left;width:80%;\">Enl\u00e8vement \u00e0 notre entreprise<\/p>\n<\/div>\n<\/div>\n\n<div style=\"flex: 1 1 0px\">\n<div class=\"core-menu-item\" style=\"margin: 30px 15px 30px 15px;display: table;\n    width: 100%;\">\n<div style=\"width=100px;\">\n<img decoding=\"async\" src=\"\/wp-content\/uploads\/2022\/07\/file-pen.svg\" style=\"height:60px;margin: 0 auto;display:block;\">\n<\/div>\n<p style=\"font-size:1.1em;display: table-cell;\n    vertical-align: middle;\n    text-align: left;width:80%;\">Devis et tarifs personnalis\u00e9s<\/p>\n<\/div>\n\n<div class=\"core-menu-item\" style=\"margin:30px 15px; display: table;\n    width: 100%;\">\n<div style=\"width=100px;\">\n<img decoding=\"async\" src=\"\/wp-content\/uploads\/2022\/07\/check.svg\" style=\"height:60px;margin: 0 auto;display:block;\">\n<\/div>\n<p style=\"font-size:1.1em;display: table-cell;\n    vertical-align: middle;\n    text-align: left;width:80%;\">Contr\u00f4le du mat\u00e9riel avant et apr\u00e8s chaque op\u00e9ration. Inspection par des organismes agr\u00e9\u00e9s ext\u00e9rieurs.\n<\/p>\n<\/div>\n\n<div class=\"core-menu-item\" style=\"margin:30px 15px; display: table;\n    width: 100%;\">\n<div style=\"width=100px;\">\n<img decoding=\"async\" src=\"\/wp-content\/uploads\/2022\/07\/truck.svg\" style=\"height:60px;margin: 0 auto;display:block;\">\n<\/div>\n<p style=\"font-size:1.1em;display: table-cell;\n    vertical-align: middle;\n    text-align: left;width:80%;\">Livraison partout en France<\/p>\n<\/div>\n<\/div>\n<\/div><\/div><\/div><\/div><div id=\"wp-block-themeisle-blocks-advanced-columns-a83673d2\" class=\"wp-block-themeisle-blocks-advanced-columns has-1-columns has-desktop-equal-layout has-tablet-equal-layout has-mobile-equal-layout has-vertical-unset\"><div class=\"wp-block-themeisle-blocks-advanced-columns-overlay\"><\/div><div class=\"innerblocks-wrap\"><div id=\"wp-block-themeisle-blocks-advanced-column-6ff783c9\" class=\"wp-block-themeisle-blocks-advanced-column\"><div style=\"height:0px\" aria-hidden=\"true\" class=\"wp-block-spacer\"><\/div><\/div><\/div><\/div>","protected":false},"excerpt":{"rendered":"<p>Location de grue, palonnier, nacelle \u00e9l\u00e9vatrice en Nouvelle-Aquitaine, Occitanie et partout en France Vous souhaitez proc\u00e9der \u00e0 la location d\u2019une mini-grue, un palonnier, d&rsquo;un robot \u00e0 ventouse, d&rsquo;un chariot robot ou d&rsquo;une nacelle \u00e9l\u00e9vatrice pour votre chantier \u00e0 B\u00e9ziers, Bordeaux, Perpignan ou ailleurs en France ? Occi Levage, votre soci\u00e9t\u00e9 sp\u00e9cialiste dans la fourniture d\u2019\u00e9quipements&hellip;&nbsp;<a href=\"https:\/\/occi-levage.com\/\" class=\"\" rel=\"bookmark\">Lire la suite &raquo;<span class=\"screen-reader-text\">Home<\/span><\/a><\/p>\n","protected":false},"author":1,"featured_media":0,"parent":0,"menu_order":0,"comment_status":"closed","ping_status":"closed","template":"","meta":{"neve_meta_sidebar":"full-width","neve_meta_container":"default","neve_meta_enable_content_width":"on","neve_meta_content_width":100,"neve_meta_title_alignment":"center","neve_meta_author_avatar":"","neve_post_elements_order":"","neve_meta_disable_header":"","neve_meta_disable_footer":"","neve_meta_disable_title":"on","_themeisle_gutenberg_block_has_review":false,"footnotes":""},"class_list":["post-102","page","type-page","status-publish","hentry"],"yoast_head":"<!-- This site is optimized with the Yoast SEO plugin v24.7 - https:\/\/yoast.com\/wordpress\/plugins\/seo\/ -->\n<title>Location grue Perpignan et toute la France : location de chariot et nacelle \u00e9l\u00e9vatrice B\u00e9ziers,Toulouse, Narbonne (Occitanie)<\/title>\n<meta name=\"robots\" content=\"index, follow, max-snippet:-1, max-image-preview:large, max-video-preview:-1\" \/>\n<link rel=\"canonical\" href=\"https:\/\/occi-levage.com\/\" \/>\n<meta property=\"og:locale\" content=\"fr_FR\" \/>\n<meta property=\"og:type\" content=\"article\" \/>\n<meta property=\"og:title\" content=\"Location grue Perpignan et toute la France : location de chariot et nacelle \u00e9l\u00e9vatrice B\u00e9ziers,Toulouse, Narbonne (Occitanie)\" \/>\n<meta property=\"og:description\" content=\"Location de grue, palonnier, nacelle \u00e9l\u00e9vatrice en Nouvelle-Aquitaine, Occitanie et partout en France Vous souhaitez proc\u00e9der \u00e0 la location d\u2019une mini-grue, un palonnier, d&rsquo;un robot \u00e0 ventouse, d&rsquo;un chariot robot ou d&rsquo;une nacelle \u00e9l\u00e9vatrice pour votre chantier \u00e0 B\u00e9ziers, Bordeaux, Perpignan ou ailleurs en France ? Occi Levage, votre soci\u00e9t\u00e9 sp\u00e9cialiste dans la fourniture d\u2019\u00e9quipements&hellip;&nbsp;Lire la suite &raquo;Home\" \/>\n<meta property=\"og:url\" content=\"https:\/\/occi-levage.com\/\" \/>\n<meta property=\"og:site_name\" content=\"Occi Levage\" \/>\n<meta property=\"article:modified_time\" content=\"2024-03-21T16:47:52+00:00\" \/>\n<meta property=\"og:image\" content=\"https:\/\/occi-levage.com\/wp-content\/uploads\/2022\/06\/cropped-Fichier-10.png\" \/>\n<meta name=\"twitter:card\" content=\"summary_large_image\" \/>\n<meta name=\"twitter:label1\" content=\"Dur\u00e9e de lecture estim\u00e9e\" \/>\n\t<meta name=\"twitter:data1\" content=\"2 minutes\" \/>\n<script type=\"application\/ld+json\" class=\"yoast-schema-graph\">{\"@context\":\"https:\/\/schema.org\",\"@graph\":[{\"@type\":\"WebPage\",\"@id\":\"https:\/\/occi-levage.com\/\",\"url\":\"https:\/\/occi-levage.com\/\",\"name\":\"Location grue Perpignan et toute la France : location de chariot et nacelle \u00e9l\u00e9vatrice B\u00e9ziers,Toulouse, Narbonne (Occitanie)\",\"isPartOf\":{\"@id\":\"https:\/\/occi-levage.com\/#website\"},\"primaryImageOfPage\":{\"@id\":\"https:\/\/occi-levage.com\/#primaryimage\"},\"image\":{\"@id\":\"https:\/\/occi-levage.com\/#primaryimage\"},\"thumbnailUrl\":\"https:\/\/occi-levage.com\/wp-content\/uploads\/2022\/06\/cropped-Fichier-10.png\",\"datePublished\":\"2022-06-20T17:40:47+00:00\",\"dateModified\":\"2024-03-21T16:47:52+00:00\",\"breadcrumb\":{\"@id\":\"https:\/\/occi-levage.com\/#breadcrumb\"},\"inLanguage\":\"fr-FR\",\"potentialAction\":[{\"@type\":\"ReadAction\",\"target\":[\"https:\/\/occi-levage.com\/\"]}]},{\"@type\":\"ImageObject\",\"inLanguage\":\"fr-FR\",\"@id\":\"https:\/\/occi-levage.com\/#primaryimage\",\"url\":\"https:\/\/occi-levage.com\/wp-content\/uploads\/2022\/06\/cropped-Fichier-10.png\",\"contentUrl\":\"https:\/\/occi-levage.com\/wp-content\/uploads\/2022\/06\/cropped-Fichier-10.png\",\"width\":413,\"height\":318},{\"@type\":\"BreadcrumbList\",\"@id\":\"https:\/\/occi-levage.com\/#breadcrumb\",\"itemListElement\":[{\"@type\":\"ListItem\",\"position\":1,\"name\":\"Accueil\",\"item\":\"https:\/\/occi-levage.com\/\"},{\"@type\":\"ListItem\",\"position\":2,\"name\":\"Home\"}]},{\"@type\":\"WebSite\",\"@id\":\"https:\/\/occi-levage.com\/#website\",\"url\":\"https:\/\/occi-levage.com\/\",\"name\":\"Occi Levage\",\"description\":\"Just another WordPress site\",\"publisher\":{\"@id\":\"https:\/\/occi-levage.com\/#organization\"},\"potentialAction\":[{\"@type\":\"SearchAction\",\"target\":{\"@type\":\"EntryPoint\",\"urlTemplate\":\"https:\/\/occi-levage.com\/?s={search_term_string}\"},\"query-input\":{\"@type\":\"PropertyValueSpecification\",\"valueRequired\":true,\"valueName\":\"search_term_string\"}}],\"inLanguage\":\"fr-FR\"},{\"@type\":\"Organization\",\"@id\":\"https:\/\/occi-levage.com\/#organization\",\"name\":\"Occi Levage\",\"url\":\"https:\/\/occi-levage.com\/\",\"logo\":{\"@type\":\"ImageObject\",\"inLanguage\":\"fr-FR\",\"@id\":\"https:\/\/occi-levage.com\/#\/schema\/logo\/image\/\",\"url\":\"https:\/\/occi-levage.com\/wp-content\/uploads\/2022\/06\/cropped-Fichier-10.png\",\"contentUrl\":\"https:\/\/occi-levage.com\/wp-content\/uploads\/2022\/06\/cropped-Fichier-10.png\",\"width\":413,\"height\":318,\"caption\":\"Occi Levage\"},\"image\":{\"@id\":\"https:\/\/occi-levage.com\/#\/schema\/logo\/image\/\"}}]}<\/script>\n<!-- \/ Yoast SEO plugin. -->","yoast_head_json":{"title":"Location grue Perpignan et toute la France : location de chariot et nacelle \u00e9l\u00e9vatrice B\u00e9ziers,Toulouse, Narbonne (Occitanie)","robots":{"index":"index","follow":"follow","max-snippet":"max-snippet:-1","max-image-preview":"max-image-preview:large","max-video-preview":"max-video-preview:-1"},"canonical":"https:\/\/occi-levage.com\/","og_locale":"fr_FR","og_type":"article","og_title":"Location grue Perpignan et toute la France : location de chariot et nacelle \u00e9l\u00e9vatrice B\u00e9ziers,Toulouse, Narbonne (Occitanie)","og_description":"Location de grue, palonnier, nacelle \u00e9l\u00e9vatrice en Nouvelle-Aquitaine, Occitanie et partout en France Vous souhaitez proc\u00e9der \u00e0 la location d\u2019une mini-grue, un palonnier, d&rsquo;un robot \u00e0 ventouse, d&rsquo;un chariot robot ou d&rsquo;une nacelle \u00e9l\u00e9vatrice pour votre chantier \u00e0 B\u00e9ziers, Bordeaux, Perpignan ou ailleurs en France ? Occi Levage, votre soci\u00e9t\u00e9 sp\u00e9cialiste dans la fourniture d\u2019\u00e9quipements&hellip;&nbsp;Lire la suite &raquo;Home","og_url":"https:\/\/occi-levage.com\/","og_site_name":"Occi Levage","article_modified_time":"2024-03-21T16:47:52+00:00","og_image":[{"url":"https:\/\/occi-levage.com\/wp-content\/uploads\/2022\/06\/cropped-Fichier-10.png","type":"","width":"","height":""}],"twitter_card":"summary_large_image","twitter_misc":{"Dur\u00e9e de lecture estim\u00e9e":"2 minutes"},"schema":{"@context":"https:\/\/schema.org","@graph":[{"@type":"WebPage","@id":"https:\/\/occi-levage.com\/","url":"https:\/\/occi-levage.com\/","name":"Location grue Perpignan et toute la France : location de chariot et nacelle \u00e9l\u00e9vatrice B\u00e9ziers,Toulouse, Narbonne (Occitanie)","isPartOf":{"@id":"https:\/\/occi-levage.com\/#website"},"primaryImageOfPage":{"@id":"https:\/\/occi-levage.com\/#primaryimage"},"image":{"@id":"https:\/\/occi-levage.com\/#primaryimage"},"thumbnailUrl":"https:\/\/occi-levage.com\/wp-content\/uploads\/2022\/06\/cropped-Fichier-10.png","datePublished":"2022-06-20T17:40:47+00:00","dateModified":"2024-03-21T16:47:52+00:00","breadcrumb":{"@id":"https:\/\/occi-levage.com\/#breadcrumb"},"inLanguage":"fr-FR","potentialAction":[{"@type":"ReadAction","target":["https:\/\/occi-levage.com\/"]}]},{"@type":"ImageObject","inLanguage":"fr-FR","@id":"https:\/\/occi-levage.com\/#primaryimage","url":"https:\/\/occi-levage.com\/wp-content\/uploads\/2022\/06\/cropped-Fichier-10.png","contentUrl":"https:\/\/occi-levage.com\/wp-content\/uploads\/2022\/06\/cropped-Fichier-10.png","width":413,"height":318},{"@type":"BreadcrumbList","@id":"https:\/\/occi-levage.com\/#breadcrumb","itemListElement":[{"@type":"ListItem","position":1,"name":"Accueil","item":"https:\/\/occi-levage.com\/"},{"@type":"ListItem","position":2,"name":"Home"}]},{"@type":"WebSite","@id":"https:\/\/occi-levage.com\/#website","url":"https:\/\/occi-levage.com\/","name":"Occi Levage","description":"Just another WordPress site","publisher":{"@id":"https:\/\/occi-levage.com\/#organization"},"potentialAction":[{"@type":"SearchAction","target":{"@type":"EntryPoint","urlTemplate":"https:\/\/occi-levage.com\/?s={search_term_string}"},"query-input":{"@type":"PropertyValueSpecification","valueRequired":true,"valueName":"search_term_string"}}],"inLanguage":"fr-FR"},{"@type":"Organization","@id":"https:\/\/occi-levage.com\/#organization","name":"Occi Levage","url":"https:\/\/occi-levage.com\/","logo":{"@type":"ImageObject","inLanguage":"fr-FR","@id":"https:\/\/occi-levage.com\/#\/schema\/logo\/image\/","url":"https:\/\/occi-levage.com\/wp-content\/uploads\/2022\/06\/cropped-Fichier-10.png","contentUrl":"https:\/\/occi-levage.com\/wp-content\/uploads\/2022\/06\/cropped-Fichier-10.png","width":413,"height":318,"caption":"Occi Levage"},"image":{"@id":"https:\/\/occi-levage.com\/#\/schema\/logo\/image\/"}}]}},"_links":{"self":[{"href":"https:\/\/occi-levage.com\/index.php?rest_route=\/wp\/v2\/pages\/102","targetHints":{"allow":["GET"]}}],"collection":[{"href":"https:\/\/occi-levage.com\/index.php?rest_route=\/wp\/v2\/pages"}],"about":[{"href":"https:\/\/occi-levage.com\/index.php?rest_route=\/wp\/v2\/types\/page"}],"author":[{"embeddable":true,"href":"https:\/\/occi-levage.com\/index.php?rest_route=\/wp\/v2\/users\/1"}],"replies":[{"embeddable":true,"href":"https:\/\/occi-levage.com\/index.php?rest_route=%2Fwp%2Fv2%2Fcomments&post=102"}],"version-history":[{"count":58,"href":"https:\/\/occi-levage.com\/index.php?rest_route=\/wp\/v2\/pages\/102\/revisions"}],"predecessor-version":[{"id":436,"href":"https:\/\/occi-levage.com\/index.php?rest_route=\/wp\/v2\/pages\/102\/revisions\/436"}],"wp:attachment":[{"href":"https:\/\/occi-levage.com\/index.php?rest_route=%2Fwp%2Fv2%2Fmedia&parent=102"}],"curies":[{"name":"wp","href":"https:\/\/api.w.org\/{rel}","templated":true}]}}